{"id":28001,"date":"2026-03-10T19:26:02","date_gmt":"2026-03-10T19:26:02","guid":{"rendered":"https:\/\/www.greensuperfoodglobal.com\/es\/?page_id=28001"},"modified":"2026-03-10T19:53:28","modified_gmt":"2026-03-10T19:53:28","slug":"28001-2","status":"publish","type":"page","link":"https:\/\/www.greensuperfoodglobal.com\/es\/mandala\/28001-2\/","title":{"rendered":"TRATAMIENTO DE DATOS PERSONALES"},"content":{"rendered":"\t\t<div data-elementor-type=\"wp-page\" data-elementor-id=\"28001\" class=\"elementor elementor-28001\">\n\t\t\t\t\t\t\t\t\t<section class=\"elementor-section elementor-top-section elementor-element elementor-element-11873cd4 elementor-section-boxed elementor-section-height-default elementor-section-height-default\" data-id=\"11873cd4\" data-element_type=\"section\">\n\t\t\t\t\t\t<div class=\"elementor-container elementor-column-gap-default\">\n\t\t\t\t\t<div class=\"elementor-column elementor-col-100 elementor-top-column elementor-element elementor-element-41d0e98a\" data-id=\"41d0e98a\" data-element_type=\"column\">\n\t\t\t<div class=\"elementor-widget-wrap elementor-element-populated\">\n\t\t\t\t\t\t\t\t<div class=\"elementor-element elementor-element-6965517a elementor-widget__width-initial elementor-widget elementor-widget-text-editor\" data-id=\"6965517a\" data-element_type=\"widget\" data-widget_type=\"text-editor.default\">\n\t\t\t\t<div class=\"elementor-widget-container\">\n\t\t\t\t\t\t\t<p style=\"text-align: center;\"><span style=\"color: #000000;\"><strong>AUTORIZACI\u00d3N PARA EL TRATAMIENTO DE DATOS PERSONALES<\/strong><\/span><\/p><p style=\"text-align: center;\"><span style=\"color: #000000;\"><strong>\u00a0EN CANALES DIGITALES<\/strong><\/span><\/p><p style=\"text-align: center;\"><span style=\"color: #000000;\">Como titular de los datos personales que se capturan en el formulario, autorizo de forma libre, previa, expresa, expl\u00edcita e informada a\u00a0<strong>GREEN SUPERFOOD S.A.S.<\/strong>; sociedad comercial identificada con NIT. 901.185.312-5; domicilio en la Vda Mesopotamia Fca Mesopotamia, Quind\u00edo &#8211; Armenia; tel\u00e9fono: 3112174650, en adelante \u201c<strong><em>GREEN SUPERFOOD<\/em><\/strong>\u201d en calidad de responsable de la Ley Estatutaria 1581 de 2012 de Protecci\u00f3n de Datos Personales; para el siguiente <strong>TRATAMIENTO<\/strong> sobre mis datos personales:<\/span><\/p><ul><li><span style=\"color: #000000;\">Captura.<\/span><\/li><li><span style=\"color: #000000;\">Almacenar.<\/span><\/li><li><span style=\"color: #000000;\">Organizar.<\/span><\/li><li><span style=\"color: #000000;\">Usar.<\/span><\/li><li><span style=\"color: #000000;\">Procesar.<\/span><\/li><li><span style=\"color: #000000;\">Suprimir.<\/span><\/li><li><span style=\"color: #000000;\">Anonimizar.<\/span><\/li><li><span style=\"color: #000000;\">Discocia.<\/span><\/li><li><span style=\"color: #000000;\">Transmitir a terceros dentro fuera del territorio nacional<\/span><\/li><\/ul><p style=\"text-align: center;\"><span style=\"color: #000000;\">Para aplicar las\u00a0<strong>FINALIDADES<\/strong>\u00a0que se describen a continuaci\u00f3n:<\/span><\/p><p><span style=\"color: #000000;\">Para mostrarle o enviarle publicidad; en algunos casos, la publicidad y la oferta ser\u00e1 dirigida en funci\u00f3n de sus intereses, gustos y preferencias.<\/span><\/p><ul style=\"text-align: center;\"><li><span style=\"color: #000000;\">Si interact\u00faa con nuestro sitio web o redes sociales donde tengamos una cuenta oficial, la informaci\u00f3n que nos proporcione ser\u00e1 utilizada para responder las PQRS que usted presente.<\/span><\/li><\/ul><p style=\"text-align: center;\"><span style=\"color: #000000;\">Adem\u00e1s, autorizo expresamente a\u00a0<strong>GREEN SUPERFOOD<\/strong>, para que transmita mis datos personales a terceras entidades aliadas comerciales de <strong>GREEN SUPERFOOD<\/strong>; dentro y fuera del territorio nacional, en pa\u00edses que ofrezcan un nivel de protecci\u00f3n de datos equivalente al de Colombia, o que garanticen la seguridad y confidencialidad de los datos mediante acuerdos o mecanismos de transmisi\u00f3n de datos internacionalmente reconocidos. Este tratamiento se realizar\u00e1 para cumplir las mismas finalidades antes mencionadas, siempre que se cumplan los requisitos establecidos en la Ley Estatutaria 1581 de 2012, el Decreto 1377 de 2013 y el Decreto 1074 de 2015. En cualquier caso, se tomar\u00e1n medidas para garantizar la seguridad y confidencialidad de los datos durante la transmisi\u00f3n.<\/span><\/p><p style=\"text-align: center;\"><span style=\"color: #000000;\">Las actividades mencionadas anteriormente podr\u00e1n desarrollarse mediante el env\u00edo de correos electr\u00f3nicos, SMS, MMS, mensajes a trav\u00e9s de redes sociales (RRSS), servicios de mensajer\u00eda instant\u00e1nea y aplicaciones; como tambi\u00e9n por medio de llamadas telef\u00f3nicas.<\/span><\/p><p style=\"text-align: center;\"><span style=\"color: #000000;\">Como titular de sus datos personales tiene\u00a0<strong>DERECHO<\/strong>\u00a0a:<\/span><\/p><ul style=\"text-align: center;\"><li><span style=\"color: #000000;\">Acceder en forma gratuita a los datos proporcionados que hayan sido objeto de tratamiento.<\/span><\/li><li><span style=\"color: #000000;\">Conocer, actualizar y rectificar su informaci\u00f3n frente a datos parciales, inexactos, incompletos, fraccionados, que induzcan a error, o aquellos cuyo tratamiento est\u00e9 prohibido o no haya sido autorizado.<\/span><\/li><li><span style=\"color: #000000;\">Solicitar prueba de la autorizaci\u00f3n otorgada.<\/span><\/li><li><span style=\"color: #000000;\">Presentar ante la Superintendencia de Industria y Comercio (SIC) quejas por infracciones a lo dispuesto en la normatividad vigente.<\/span><\/li><li><span style=\"color: #000000;\">Revocar la autorizaci\u00f3n y\/o solicitar la supresi\u00f3n del dato, siempre que no exista un deber legal o contractual que impida eliminarlos.<\/span><\/li><li><span style=\"color: #000000;\">Abstenerse de responder las preguntas sobre datos sensibles. Tendr\u00e1 car\u00e1cter facultativo las respuestas que versen sobre datos sensibles o sobre datos de las ni\u00f1as y ni\u00f1os y adolescentes.<\/span><\/li><\/ul><p style=\"text-align: center;\"><span style=\"color: #000000;\">Usted podr\u00e1 ejercer en cualquier momento sus derechos mediante correo electr\u00f3nico enviado al buz\u00f3n: <a style=\"color: #000000;\" href=\"mailto:ocumplimiento@greensuperfood.co\"><em>ocumplimiento@greensuperfood.co<\/em><\/a>.<\/span><\/p><p style=\"text-align: center;\"><span style=\"color: #000000;\"><strong>MECANISMOS PARA CONOCER LA POL\u00cdTICA DE TRATAMIENTO:<\/strong>\u00a0El Titular puede acceder a nuestra Pol\u00edtica de Tratamiento de Datos Personales, la cual se encuentra publicada en <a style=\"color: #000000;\" href=\"http:\/\/www.greensuperfoodglobal.com\"><em>www.greensuperfoodglobal.com<\/em><\/a><em>.<\/em><\/span><\/p>\t\t\t\t\t\t<\/div>\n\t\t\t\t<\/div>\n\t\t\t\t\t<\/div>\n\t\t<\/div>\n\t\t\t\t\t\t\t<\/div>\n\t\t<\/section>\n\t\t\t\t\t\t\t<\/div>\n\t\t","protected":false},"excerpt":{"rendered":"<p>AUTORIZACI\u00d3N PARA EL TRATAMIENTO DE DATOS PERSONALES \u00a0EN CANALES DIGITALES Como titular de los datos personales que se capturan en el formulario, autorizo de forma libre, previa, expresa, expl\u00edcita e<\/p>\n<p class=\"more-link\"><a href=\"https:\/\/www.greensuperfoodglobal.com\/es\/mandala\/28001-2\/\" class=\"readmore\">Seguir leyendo<svg class=\"icon icon-arrow-right\" aria-hidden=\"true\" role=\"img\"> <use href=\"#icon-arrow-right\" xlink:href=\"#icon-arrow-right\"><\/use> <\/svg><span class=\"screen-reader-text\">TRATAMIENTO DE DATOS PERSONALES<\/span><\/a><\/p>\n","protected":false},"author":5,"featured_media":0,"parent":2605,"menu_order":0,"comment_status":"closed","ping_status":"closed","template":"","meta":[],"yoast_head":"<!-- This site is optimized with the Yoast SEO plugin v21.8 - https:\/\/yoast.com\/wordpress\/plugins\/seo\/ -->\n<title>TRATAMIENTO DE DATOS PERSONALES -<\/title>\n<meta name=\"robots\" content=\"index, follow, max-snippet:-1, max-image-preview:large, max-video-preview:-1\" \/>\n<link rel=\"canonical\" href=\"https:\/\/www.greensuperfoodglobal.com\/es\/mandala\/28001-2\/\" \/>\n<meta property=\"og:locale\" content=\"es_ES\" \/>\n<meta property=\"og:type\" content=\"article\" \/>\n<meta property=\"og:title\" content=\"TRATAMIENTO DE DATOS PERSONALES -\" \/>\n<meta property=\"og:description\" content=\"AUTORIZACI\u00d3N PARA EL TRATAMIENTO DE DATOS PERSONALES \u00a0EN CANALES DIGITALES Como titular de los datos personales que se capturan en el formulario, autorizo de forma libre, previa, expresa, expl\u00edcita eSeguir leyendo TRATAMIENTO DE DATOS PERSONALES\" \/>\n<meta property=\"og:url\" content=\"https:\/\/www.greensuperfoodglobal.com\/es\/mandala\/28001-2\/\" \/>\n<meta property=\"article:modified_time\" content=\"2026-03-10T19:53:28+00:00\" \/>\n<meta property=\"og:image\" content=\"https:\/\/www.greensuperfoodglobal.com\/es\/wp-content\/uploads\/2022\/06\/57155491_2260686770850079_4989973874432016384_n.jpg\" \/>\n\t<meta property=\"og:image:width\" content=\"1300\" \/>\n\t<meta property=\"og:image:height\" content=\"1300\" \/>\n\t<meta property=\"og:image:type\" content=\"image\/jpeg\" \/>\n<meta name=\"twitter:card\" content=\"summary_large_image\" \/>\n<meta name=\"twitter:label1\" content=\"Tiempo de lectura\" \/>\n\t<meta name=\"twitter:data1\" content=\"3 minutos\" \/>\n<script type=\"application\/ld+json\" class=\"yoast-schema-graph\">{\"@context\":\"https:\/\/schema.org\",\"@graph\":[{\"@type\":\"WebPage\",\"@id\":\"https:\/\/www.greensuperfoodglobal.com\/es\/mandala\/28001-2\/\",\"url\":\"https:\/\/www.greensuperfoodglobal.com\/es\/mandala\/28001-2\/\",\"name\":\"TRATAMIENTO DE DATOS PERSONALES -\",\"isPartOf\":{\"@id\":\"http:\/\/www.greensuperfoodglobal.com\/es\/#website\"},\"datePublished\":\"2026-03-10T19:26:02+00:00\",\"dateModified\":\"2026-03-10T19:53:28+00:00\",\"breadcrumb\":{\"@id\":\"https:\/\/www.greensuperfoodglobal.com\/es\/mandala\/28001-2\/#breadcrumb\"},\"inLanguage\":\"es\",\"potentialAction\":[{\"@type\":\"ReadAction\",\"target\":[\"https:\/\/www.greensuperfoodglobal.com\/es\/mandala\/28001-2\/\"]}]},{\"@type\":\"BreadcrumbList\",\"@id\":\"https:\/\/www.greensuperfoodglobal.com\/es\/mandala\/28001-2\/#breadcrumb\",\"itemListElement\":[{\"@type\":\"ListItem\",\"position\":1,\"name\":\"Portada\",\"item\":\"https:\/\/www.greensuperfoodglobal.com\/es\/\"},{\"@type\":\"ListItem\",\"position\":2,\"name\":\"Mandala &#8211; GSF\",\"item\":\"https:\/\/www.greensuperfoodglobal.com\/es\/mandala\/\"},{\"@type\":\"ListItem\",\"position\":3,\"name\":\"TRATAMIENTO DE DATOS PERSONALES\"}]},{\"@type\":\"WebSite\",\"@id\":\"http:\/\/www.greensuperfoodglobal.com\/es\/#website\",\"url\":\"http:\/\/www.greensuperfoodglobal.com\/es\/\",\"name\":\"\",\"description\":\"\",\"publisher\":{\"@id\":\"http:\/\/www.greensuperfoodglobal.com\/es\/#organization\"},\"potentialAction\":[{\"@type\":\"SearchAction\",\"target\":{\"@type\":\"EntryPoint\",\"urlTemplate\":\"http:\/\/www.greensuperfoodglobal.com\/es\/?s={search_term_string}\"},\"query-input\":\"required name=search_term_string\"}],\"inLanguage\":\"es\"},{\"@type\":\"Organization\",\"@id\":\"http:\/\/www.greensuperfoodglobal.com\/es\/#organization\",\"name\":\"Green SuperFood\",\"url\":\"http:\/\/www.greensuperfoodglobal.com\/es\/\",\"logo\":{\"@type\":\"ImageObject\",\"inLanguage\":\"es\",\"@id\":\"http:\/\/www.greensuperfoodglobal.com\/es\/#\/schema\/logo\/image\/\",\"url\":\"https:\/\/www.greensuperfoodglobal.com\/es\/wp-content\/uploads\/2022\/06\/57155491_2260686770850079_4989973874432016384_n.jpg\",\"contentUrl\":\"https:\/\/www.greensuperfoodglobal.com\/es\/wp-content\/uploads\/2022\/06\/57155491_2260686770850079_4989973874432016384_n.jpg\",\"width\":1300,\"height\":1300,\"caption\":\"Green SuperFood\"},\"image\":{\"@id\":\"http:\/\/www.greensuperfoodglobal.com\/es\/#\/schema\/logo\/image\/\"}}]}<\/script>\n<!-- \/ Yoast SEO plugin. -->","yoast_head_json":{"title":"TRATAMIENTO DE DATOS PERSONALES -","robots":{"index":"index","follow":"follow","max-snippet":"max-snippet:-1","max-image-preview":"max-image-preview:large","max-video-preview":"max-video-preview:-1"},"canonical":"https:\/\/www.greensuperfoodglobal.com\/es\/mandala\/28001-2\/","og_locale":"es_ES","og_type":"article","og_title":"TRATAMIENTO DE DATOS PERSONALES -","og_description":"AUTORIZACI\u00d3N PARA EL TRATAMIENTO DE DATOS PERSONALES \u00a0EN CANALES DIGITALES Como titular de los datos personales que se capturan en el formulario, autorizo de forma libre, previa, expresa, expl\u00edcita eSeguir leyendo TRATAMIENTO DE DATOS PERSONALES","og_url":"https:\/\/www.greensuperfoodglobal.com\/es\/mandala\/28001-2\/","article_modified_time":"2026-03-10T19:53:28+00:00","og_image":[{"width":1300,"height":1300,"url":"https:\/\/www.greensuperfoodglobal.com\/es\/wp-content\/uploads\/2022\/06\/57155491_2260686770850079_4989973874432016384_n.jpg","type":"image\/jpeg"}],"twitter_card":"summary_large_image","twitter_misc":{"Tiempo de lectura":"3 minutos"},"schema":{"@context":"https:\/\/schema.org","@graph":[{"@type":"WebPage","@id":"https:\/\/www.greensuperfoodglobal.com\/es\/mandala\/28001-2\/","url":"https:\/\/www.greensuperfoodglobal.com\/es\/mandala\/28001-2\/","name":"TRATAMIENTO DE DATOS PERSONALES -","isPartOf":{"@id":"http:\/\/www.greensuperfoodglobal.com\/es\/#website"},"datePublished":"2026-03-10T19:26:02+00:00","dateModified":"2026-03-10T19:53:28+00:00","breadcrumb":{"@id":"https:\/\/www.greensuperfoodglobal.com\/es\/mandala\/28001-2\/#breadcrumb"},"inLanguage":"es","potentialAction":[{"@type":"ReadAction","target":["https:\/\/www.greensuperfoodglobal.com\/es\/mandala\/28001-2\/"]}]},{"@type":"BreadcrumbList","@id":"https:\/\/www.greensuperfoodglobal.com\/es\/mandala\/28001-2\/#breadcrumb","itemListElement":[{"@type":"ListItem","position":1,"name":"Portada","item":"https:\/\/www.greensuperfoodglobal.com\/es\/"},{"@type":"ListItem","position":2,"name":"Mandala &#8211; GSF","item":"https:\/\/www.greensuperfoodglobal.com\/es\/mandala\/"},{"@type":"ListItem","position":3,"name":"TRATAMIENTO DE DATOS PERSONALES"}]},{"@type":"WebSite","@id":"http:\/\/www.greensuperfoodglobal.com\/es\/#website","url":"http:\/\/www.greensuperfoodglobal.com\/es\/","name":"","description":"","publisher":{"@id":"http:\/\/www.greensuperfoodglobal.com\/es\/#organization"},"potentialAction":[{"@type":"SearchAction","target":{"@type":"EntryPoint","urlTemplate":"http:\/\/www.greensuperfoodglobal.com\/es\/?s={search_term_string}"},"query-input":"required name=search_term_string"}],"inLanguage":"es"},{"@type":"Organization","@id":"http:\/\/www.greensuperfoodglobal.com\/es\/#organization","name":"Green SuperFood","url":"http:\/\/www.greensuperfoodglobal.com\/es\/","logo":{"@type":"ImageObject","inLanguage":"es","@id":"http:\/\/www.greensuperfoodglobal.com\/es\/#\/schema\/logo\/image\/","url":"https:\/\/www.greensuperfoodglobal.com\/es\/wp-content\/uploads\/2022\/06\/57155491_2260686770850079_4989973874432016384_n.jpg","contentUrl":"https:\/\/www.greensuperfoodglobal.com\/es\/wp-content\/uploads\/2022\/06\/57155491_2260686770850079_4989973874432016384_n.jpg","width":1300,"height":1300,"caption":"Green SuperFood"},"image":{"@id":"http:\/\/www.greensuperfoodglobal.com\/es\/#\/schema\/logo\/image\/"}}]}},"_links":{"self":[{"href":"https:\/\/www.greensuperfoodglobal.com\/es\/wp-json\/wp\/v2\/pages\/28001"}],"collection":[{"href":"https:\/\/www.greensuperfoodglobal.com\/es\/wp-json\/wp\/v2\/pages"}],"about":[{"href":"https:\/\/www.greensuperfoodglobal.com\/es\/wp-json\/wp\/v2\/types\/page"}],"author":[{"embeddable":true,"href":"https:\/\/www.greensuperfoodglobal.com\/es\/wp-json\/wp\/v2\/users\/5"}],"replies":[{"embeddable":true,"href":"https:\/\/www.greensuperfoodglobal.com\/es\/wp-json\/wp\/v2\/comments?post=28001"}],"version-history":[{"count":11,"href":"https:\/\/www.greensuperfoodglobal.com\/es\/wp-json\/wp\/v2\/pages\/28001\/revisions"}],"predecessor-version":[{"id":28047,"href":"https:\/\/www.greensuperfoodglobal.com\/es\/wp-json\/wp\/v2\/pages\/28001\/revisions\/28047"}],"up":[{"embeddable":true,"href":"https:\/\/www.greensuperfoodglobal.com\/es\/wp-json\/wp\/v2\/pages\/2605"}],"wp:attachment":[{"href":"https:\/\/www.greensuperfoodglobal.com\/es\/wp-json\/wp\/v2\/media?parent=28001"}],"curies":[{"name":"wp","href":"https:\/\/api.w.org\/{rel}","templated":true}]}}