{"id":4787,"date":"2022-07-11T15:29:57","date_gmt":"2022-07-11T15:29:57","guid":{"rendered":"https:\/\/www.greensuperfoodglobal.com\/es\/?page_id=4787"},"modified":"2026-03-10T20:56:55","modified_gmt":"2026-03-10T20:56:55","slug":"politica-datos","status":"publish","type":"page","link":"http:\/\/www.greensuperfoodglobal.com\/es\/politica-datos\/","title":{"rendered":"Pol\u00edtica de tratamiento de datos &#8211; GSF"},"content":{"rendered":"\t\t<div data-elementor-type=\"wp-page\" data-elementor-id=\"4787\" class=\"elementor elementor-4787\">\n\t\t\t\t\t\t\t\t\t<section class=\"elementor-section elementor-top-section elementor-element elementor-element-87ca0f6 elementor-section-full_width elementor-hidden-tablet elementor-hidden-mobile elementor-section-height-default elementor-section-height-default\" data-id=\"87ca0f6\" data-element_type=\"section\">\n\t\t\t\t\t\t<div class=\"elementor-container elementor-column-gap-default\">\n\t\t\t\t\t<div class=\"elementor-column elementor-col-100 elementor-top-column elementor-element elementor-element-bd7cb05\" data-id=\"bd7cb05\" data-element_type=\"column\">\n\t\t\t<div class=\"elementor-widget-wrap\">\n\t\t\t\t\t\t\t\t\t<\/div>\n\t\t<\/div>\n\t\t\t\t\t\t\t<\/div>\n\t\t<\/section>\n\t\t\t\t<section class=\"elementor-section elementor-top-section elementor-element elementor-element-635dab8 elementor-section-full_width elementor-section-height-default elementor-section-height-default\" data-id=\"635dab8\" data-element_type=\"section\">\n\t\t\t\t\t\t<div class=\"elementor-container elementor-column-gap-default\">\n\t\t\t\t\t<div class=\"elementor-column elementor-col-100 elementor-top-column elementor-element elementor-element-7fde3d4\" data-id=\"7fde3d4\" data-element_type=\"column\">\n\t\t\t<div class=\"elementor-widget-wrap elementor-element-populated\">\n\t\t\t\t\t\t\t\t<div class=\"elementor-element elementor-element-d402f7d elementor-widget elementor-widget-wp-widget-maxmegamenu\" data-id=\"d402f7d\" data-element_type=\"widget\" data-widget_type=\"wp-widget-maxmegamenu.default\">\n\t\t\t\t<div class=\"elementor-widget-container\">\n\t\t\t<div id=\"mega-menu-wrap-max_mega_menu_1\" class=\"mega-menu-wrap\"><div class=\"mega-menu-toggle\"><div class=\"mega-toggle-blocks-left\"><\/div><div class=\"mega-toggle-blocks-center\"><\/div><div class=\"mega-toggle-blocks-right\"><div class='mega-toggle-block mega-menu-toggle-animated-block mega-toggle-block-0' id='mega-toggle-block-0'><button aria-label=\"Toggle Menu\" class=\"mega-toggle-animated mega-toggle-animated-slider\" type=\"button\" aria-expanded=\"false\">\n                  <span class=\"mega-toggle-animated-box\">\n                    <span class=\"mega-toggle-animated-inner\"><\/span>\n                  <\/span>\n                <\/button><\/div><\/div><\/div><ul id=\"mega-menu-max_mega_menu_1\" class=\"mega-menu max-mega-menu mega-menu-horizontal mega-no-js\" data-event=\"hover_intent\" data-effect=\"fade_up\" data-effect-speed=\"200\" data-effect-mobile=\"disabled\" data-effect-speed-mobile=\"0\" data-mobile-force-width=\"false\" data-second-click=\"go\" data-document-click=\"collapse\" data-vertical-behaviour=\"standard\" data-breakpoint=\"768\" data-unbind=\"true\" data-mobile-state=\"collapse_all\" data-mobile-direction=\"vertical\" data-hover-intent-timeout=\"300\" data-hover-intent-interval=\"100\"><li class=\"mega-menu-item mega-menu-item-type-post_type mega-menu-item-object-page mega-menu-item-home mega-align-bottom-left mega-menu-flyout mega-menu-item-27972\" id=\"mega-menu-item-27972\"><a class=\"mega-menu-link\" href=\"http:\/\/www.greensuperfoodglobal.com\/es\/\" tabindex=\"0\">Inicio<\/a><\/li><li class=\"mega-menu-item mega-menu-item-type-post_type mega-menu-item-object-page mega-menu-item-has-children mega-align-bottom-left mega-menu-flyout mega-menu-item-27973\" id=\"mega-menu-item-27973\"><a class=\"mega-menu-link\" href=\"http:\/\/www.greensuperfoodglobal.com\/es\/nosotros\/\" aria-expanded=\"false\" tabindex=\"0\">Nosotros<span class=\"mega-indicator\" aria-hidden=\"true\"><\/span><\/a>\n<ul class=\"mega-sub-menu\">\n<li class=\"mega-menu-item mega-menu-item-type-post_type mega-menu-item-object-page mega-menu-item-27981\" id=\"mega-menu-item-27981\"><a class=\"mega-menu-link\" href=\"http:\/\/www.greensuperfoodglobal.com\/es\/farmers-home\/\">Farmers Home<\/a><\/li><li class=\"mega-menu-item mega-menu-item-type-post_type mega-menu-item-object-page mega-menu-item-27980\" id=\"mega-menu-item-27980\"><a class=\"mega-menu-link\" href=\"http:\/\/www.greensuperfoodglobal.com\/es\/maquila\/\">Servicios de Maquila<\/a><\/li><\/ul>\n<\/li><li class=\"mega-menu-item mega-menu-item-type-post_type mega-menu-item-object-page mega-align-bottom-left mega-menu-flyout mega-menu-item-27974\" id=\"mega-menu-item-27974\"><a class=\"mega-menu-link\" href=\"http:\/\/www.greensuperfoodglobal.com\/es\/vivero\/\" tabindex=\"0\">Vivero<\/a><\/li><li class=\"mega-menu-item mega-menu-item-type-post_type mega-menu-item-object-page mega-menu-item-has-children mega-align-bottom-left mega-menu-flyout mega-menu-item-27975\" id=\"mega-menu-item-27975\"><a class=\"mega-menu-link\" href=\"http:\/\/www.greensuperfoodglobal.com\/es\/productos\/\" aria-expanded=\"false\" tabindex=\"0\">Productos<span class=\"mega-indicator\" aria-hidden=\"true\"><\/span><\/a>\n<ul class=\"mega-sub-menu\">\n<li class=\"mega-menu-item mega-menu-item-type-post_type mega-menu-item-object-page mega-menu-item-27982\" id=\"mega-menu-item-27982\"><a class=\"mega-menu-link\" href=\"http:\/\/www.greensuperfoodglobal.com\/es\/recetas-v2\/\">Recetas<\/a><\/li><\/ul>\n<\/li><li class=\"mega-menu-item mega-menu-item-type-post_type mega-menu-item-object-page mega-menu-item-has-children mega-align-bottom-left mega-menu-flyout mega-menu-item-27976\" id=\"mega-menu-item-27976\"><a class=\"mega-menu-link\" href=\"http:\/\/www.greensuperfoodglobal.com\/es\/contacto\/\" aria-expanded=\"false\" tabindex=\"0\">Contacto<span class=\"mega-indicator\" aria-hidden=\"true\"><\/span><\/a>\n<ul class=\"mega-sub-menu\">\n<li class=\"mega-menu-item mega-menu-item-type-post_type mega-menu-item-object-page mega-menu-item-27983\" id=\"mega-menu-item-27983\"><a class=\"mega-menu-link\" href=\"http:\/\/www.greensuperfoodglobal.com\/es\/politicas\/\">Pol\u00edticas<\/a><\/li><li class=\"mega-menu-item mega-menu-item-type-post_type mega-menu-item-object-page mega-menu-item-27984\" id=\"mega-menu-item-27984\"><a class=\"mega-menu-link\" href=\"http:\/\/www.greensuperfoodglobal.com\/es\/politica-datos\/\">Pol\u00edtica de tratamiento de datos &#8211; GSF<\/a><\/li><li class=\"mega-menu-item mega-menu-item-type-post_type mega-menu-item-object-page mega-menu-item-27985\" id=\"mega-menu-item-27985\"><a class=\"mega-menu-link\" href=\"http:\/\/www.greensuperfoodglobal.com\/es\/hoja-de-vida\/\">Trabaje con nosotros &#8211; GSF Global<\/a><\/li><\/ul>\n<\/li><li class=\"mega-menu-item mega-menu-item-type-post_type mega-menu-item-object-page mega-menu-item-has-children mega-align-bottom-left mega-menu-flyout mega-menu-item-27987\" id=\"mega-menu-item-27987\"><a class=\"mega-menu-link\" href=\"http:\/\/www.greensuperfoodglobal.com\/es\/lineaetica\/\" aria-expanded=\"false\" tabindex=\"0\">L\u00ednea \u00c9tica<span class=\"mega-indicator\" aria-hidden=\"true\"><\/span><\/a>\n<ul class=\"mega-sub-menu\">\n<li class=\"mega-menu-item mega-menu-item-type-post_type mega-menu-item-object-page mega-menu-item-27988\" id=\"mega-menu-item-27988\"><a class=\"mega-menu-link\" href=\"http:\/\/www.greensuperfoodglobal.com\/es\/lineaetica\/linea-etica\/\">PQRSDF<\/a><\/li><\/ul>\n<\/li><li class=\"mega-menu-item mega-menu-item-type-post_type mega-menu-item-object-page mega-align-bottom-left mega-menu-flyout mega-menu-item-27979\" id=\"mega-menu-item-27979\"><a class=\"mega-menu-link\" href=\"http:\/\/www.greensuperfoodglobal.com\/es\/blog\/\" tabindex=\"0\">Blog &#8211; GSF<\/a><\/li><\/ul><\/div>\t\t<\/div>\n\t\t\t\t<\/div>\n\t\t\t\t\t<\/div>\n\t\t<\/div>\n\t\t\t\t\t\t\t<\/div>\n\t\t<\/section>\n\t\t\t\t<section class=\"elementor-section elementor-top-section elementor-element elementor-element-aa2cd32 elementor-section-full_width elementor-section-height-default elementor-section-height-default\" data-id=\"aa2cd32\" data-element_type=\"section\" data-settings=\"{&quot;background_background&quot;:&quot;classic&quot;}\">\n\t\t\t\t\t\t<div class=\"elementor-container elementor-column-gap-default\">\n\t\t\t\t\t<div class=\"elementor-column elementor-col-100 elementor-top-column elementor-element elementor-element-0afc21b\" data-id=\"0afc21b\" data-element_type=\"column\">\n\t\t\t<div class=\"elementor-widget-wrap\">\n\t\t\t\t\t\t\t\t\t<\/div>\n\t\t<\/div>\n\t\t\t\t\t\t\t<\/div>\n\t\t<\/section>\n\t\t\t\t<section class=\"elementor-section elementor-top-section elementor-element elementor-element-e5c542d elementor-section-boxed elementor-section-height-default elementor-section-height-default\" data-id=\"e5c542d\" data-element_type=\"section\" data-settings=\"{&quot;background_background&quot;:&quot;classic&quot;}\">\n\t\t\t\t\t\t<div class=\"elementor-container elementor-column-gap-default\">\n\t\t\t\t\t<div class=\"elementor-column elementor-col-100 elementor-top-column elementor-element elementor-element-1f500d4\" data-id=\"1f500d4\" data-element_type=\"column\">\n\t\t\t<div class=\"elementor-widget-wrap elementor-element-populated\">\n\t\t\t\t\t\t\t\t<div class=\"elementor-element elementor-element-f62876a elementor-widget elementor-widget-image\" data-id=\"f62876a\" data-element_type=\"widget\" data-widget_type=\"image.default\">\n\t\t\t\t<div class=\"elementor-widget-container\">\n\t\t\t\t\t\t\t\t\t\t\t\t\t\t\t<img fetchpriority=\"high\" decoding=\"async\" width=\"1896\" height=\"75\" src=\"http:\/\/www.greensuperfoodglobal.com\/es\/wp-content\/uploads\/2021\/08\/divisor-2.png\" class=\"attachment-full size-full wp-image-1746\" alt=\"\" srcset=\"http:\/\/www.greensuperfoodglobal.com\/es\/wp-content\/uploads\/2021\/08\/divisor-2.png 1896w, http:\/\/www.greensuperfoodglobal.com\/es\/wp-content\/uploads\/2021\/08\/divisor-2-300x12.png 300w, http:\/\/www.greensuperfoodglobal.com\/es\/wp-content\/uploads\/2021\/08\/divisor-2-1024x41.png 1024w, http:\/\/www.greensuperfoodglobal.com\/es\/wp-content\/uploads\/2021\/08\/divisor-2-768x30.png 768w, http:\/\/www.greensuperfoodglobal.com\/es\/wp-content\/uploads\/2021\/08\/divisor-2-1536x61.png 1536w\" sizes=\"(max-width: 1896px) 100vw, 1896px\" \/>\t\t\t\t\t\t\t\t\t\t\t\t\t\t\t<\/div>\n\t\t\t\t<\/div>\n\t\t\t\t<div class=\"elementor-element elementor-element-354f7d9 elementor-widget elementor-widget-heading\" data-id=\"354f7d9\" data-element_type=\"widget\" data-widget_type=\"heading.default\">\n\t\t\t\t<div class=\"elementor-widget-container\">\n\t\t\t<h2 class=\"elementor-heading-title elementor-size-default\">Pol\u00edtica de tratamiento de datos: <\/h2>\t\t<\/div>\n\t\t\t\t<\/div>\n\t\t\t\t<div class=\"elementor-element elementor-element-b69f1ef elementor-align-center elementor-widget elementor-widget-button\" data-id=\"b69f1ef\" data-element_type=\"widget\" data-widget_type=\"button.default\">\n\t\t\t\t<div class=\"elementor-widget-container\">\n\t\t\t\t\t<div class=\"elementor-button-wrapper\">\n\t\t\t<a class=\"elementor-button elementor-button-link elementor-size-sm\" href=\"https:\/\/forms.office.com\/pages\/responsepage.aspx?id=vC1SNnz1C0aKFF7UT-BJLITZhfs8i0lPqmysrEODmrJUMU1GWU4wWEFLVFo0VUFRUE5CWjdKS0c0WC4u\">\n\t\t\t\t\t\t<span class=\"elementor-button-content-wrapper\">\n\t\t\t\t\t\t<span class=\"elementor-button-text\">Diligenciar formato de ingreso AQU\u00cd<\/span>\n\t\t<\/span>\n\t\t\t\t\t<\/a>\n\t\t<\/div>\n\t\t\t\t<\/div>\n\t\t\t\t<\/div>\n\t\t\t\t<div class=\"elementor-element elementor-element-15c332e elementor-widget elementor-widget-text-editor\" data-id=\"15c332e\" data-element_type=\"widget\" data-widget_type=\"text-editor.default\">\n\t\t\t\t<div class=\"elementor-widget-container\">\n\t\t\t\t\t\t\t<p>Al haber suministrado sus datos personales, usted ha sido informado y acepta las pol\u00edticas de tratamiento de datos personales establecidos por GREEN SUPERFOOD S.A.S., en cumplimiento a las disposiciones contenidas en la Ley General de Protecci\u00f3n de Datos Personales (Ley 1581 de 2012) y del Decreto 1377 de 2013, que reglament\u00f3 parcialmente la Ley 1581 de 2012. En consecuencia, GREEN SUPERFOOD S.A.S. efectuar\u00e1 el tratamiento de sus datos personales conforme a lo establecido en el aviso de Privacidad que usted puede consultar en cualquier momento en nuestras oficinas o en nuestra p\u00e1gina web <a class=\"linkified\" href=\"http:\/\/www.greensuperfoodglobal.com\/\" target=\"_blank\" rel=\"noopener\">www.greensuperfoodglobal.com<\/a>, adicionalmente en ejercicio de los derechos que establece la legislaci\u00f3n antes citada y de acuerdo a los mecanismos establecidos en la misma, usted puede solicitar en cualquier momento la supresi\u00f3n o eliminaci\u00f3n de sus datos personales que obran en nuestro poder \u00a0y solicitar la actualizaci\u00f3n, rectificaci\u00f3n o eliminaci\u00f3n de los mismos, por conducto del responsable del tratamiento, en nuestro domicilio o a trav\u00e9s del correo electr\u00f3nico. En caso de realizar solicitud de escaneo del documento de identidad, GREEN SUPERFOOD utilizar\u00e1 dicha informaci\u00f3n exclusivamente para los fines pertinentes, manteniendo la confidencialidad de la informaci\u00f3n adquirida.<br \/>Se han instalado c\u00e1maras de seguridad en las instalaciones de GREEN SUPERFOOD SAS para proteger la seguridad de las personas, las instalaciones y su contenido, tambi\u00e9n protegemos el derecho de las personas a su privacidad, por tal motivo solo el personal autorizado de la Empresa puede ver las grabaciones. En el tratamiento de estos datos se observan los principios de\u00a0 legalidad, libertad, veracidad, seguridad, confidencialidad, circulaci\u00f3n restringida y transparencia, as\u00ed como las dem\u00e1s disposiciones contenidas en el R\u00e9gimen General de Protecci\u00f3n de Datos Personales.<\/p>\t\t\t\t\t\t<\/div>\n\t\t\t\t<\/div>\n\t\t\t\t<div class=\"elementor-element elementor-element-ca56ef2 elementor-widget elementor-widget-html\" data-id=\"ca56ef2\" data-element_type=\"widget\" data-widget_type=\"html.default\">\n\t\t\t\t<div class=\"elementor-widget-container\">\n\t\t\t<iframe src=\"https:\/\/player.flipsnack.com?hash=QjZFRkY5OEM1QTgremg1NHB1dnk2eg==\" width=\"100%\" height=\"850\" seamless=\"seamless\" scrolling=\"no\" frameBorder=\"0\" allowFullScreen allow=\"autoplay; clipboard-read; clipboard-write\"><\/iframe>\t\t<\/div>\n\t\t\t\t<\/div>\n\t\t\t\t\t<\/div>\n\t\t<\/div>\n\t\t\t\t\t\t\t<\/div>\n\t\t<\/section>\n\t\t\t\t\t\t\t<\/div>\n\t\t","protected":false},"excerpt":{"rendered":"<p>Pol\u00edtica de tratamiento de datos: Diligenciar formato de ingreso AQU\u00cd Al haber suministrado sus datos personales, usted ha sido informado y acepta las pol\u00edticas de tratamiento de datos personales establecidos<\/p>\n<p class=\"more-link\"><a href=\"http:\/\/www.greensuperfoodglobal.com\/es\/politica-datos\/\" class=\"readmore\">Seguir leyendo<svg class=\"icon icon-arrow-right\" aria-hidden=\"true\" role=\"img\"> <use href=\"#icon-arrow-right\" xlink:href=\"#icon-arrow-right\"><\/use> <\/svg><span class=\"screen-reader-text\">Pol\u00edtica de tratamiento de datos &#8211; GSF<\/span><\/a><\/p>\n","protected":false},"author":1,"featured_media":0,"parent":0,"menu_order":0,"comment_status":"closed","ping_status":"closed","template":"elementor_canvas","meta":[],"yoast_head":"<!-- This site is optimized with the Yoast SEO plugin v21.8 - https:\/\/yoast.com\/wordpress\/plugins\/seo\/ -->\n<title>Pol\u00edtica de tratamiento de datos - GSF -<\/title>\n<meta name=\"robots\" content=\"index, follow, max-snippet:-1, max-image-preview:large, max-video-preview:-1\" \/>\n<link rel=\"canonical\" href=\"https:\/\/www.greensuperfoodglobal.com\/es\/politica-datos\/\" \/>\n<meta property=\"og:locale\" content=\"es_ES\" \/>\n<meta property=\"og:type\" content=\"article\" \/>\n<meta property=\"og:title\" content=\"Pol\u00edtica de tratamiento de datos - GSF -\" \/>\n<meta property=\"og:description\" content=\"Pol\u00edtica de tratamiento de datos: Diligenciar formato de ingreso AQU\u00cd Al haber suministrado sus datos personales, usted ha sido informado y acepta las pol\u00edticas de tratamiento de datos personales establecidosSeguir leyendo Pol\u00edtica de tratamiento de datos &#8211; GSF\" \/>\n<meta property=\"og:url\" content=\"https:\/\/www.greensuperfoodglobal.com\/es\/politica-datos\/\" \/>\n<meta property=\"article:modified_time\" content=\"2026-03-10T20:56:55+00:00\" \/>\n<meta property=\"og:image\" content=\"http:\/\/www.greensuperfoodglobal.com\/es\/wp-content\/uploads\/2021\/08\/divisor-2.png\" \/>\n<meta name=\"twitter:card\" content=\"summary_large_image\" \/>\n<meta name=\"twitter:label1\" content=\"Tiempo de lectura\" \/>\n\t<meta name=\"twitter:data1\" content=\"2 minutos\" \/>\n<script type=\"application\/ld+json\" class=\"yoast-schema-graph\">{\"@context\":\"https:\/\/schema.org\",\"@graph\":[{\"@type\":\"WebPage\",\"@id\":\"https:\/\/www.greensuperfoodglobal.com\/es\/politica-datos\/\",\"url\":\"https:\/\/www.greensuperfoodglobal.com\/es\/politica-datos\/\",\"name\":\"Pol\u00edtica de tratamiento de datos - GSF -\",\"isPartOf\":{\"@id\":\"http:\/\/www.greensuperfoodglobal.com\/es\/#website\"},\"datePublished\":\"2022-07-11T15:29:57+00:00\",\"dateModified\":\"2026-03-10T20:56:55+00:00\",\"breadcrumb\":{\"@id\":\"https:\/\/www.greensuperfoodglobal.com\/es\/politica-datos\/#breadcrumb\"},\"inLanguage\":\"es\",\"potentialAction\":[{\"@type\":\"ReadAction\",\"target\":[\"https:\/\/www.greensuperfoodglobal.com\/es\/politica-datos\/\"]}]},{\"@type\":\"BreadcrumbList\",\"@id\":\"https:\/\/www.greensuperfoodglobal.com\/es\/politica-datos\/#breadcrumb\",\"itemListElement\":[{\"@type\":\"ListItem\",\"position\":1,\"name\":\"Portada\",\"item\":\"https:\/\/www.greensuperfoodglobal.com\/es\/\"},{\"@type\":\"ListItem\",\"position\":2,\"name\":\"Pol\u00edtica de tratamiento de datos &#8211; GSF\"}]},{\"@type\":\"WebSite\",\"@id\":\"http:\/\/www.greensuperfoodglobal.com\/es\/#website\",\"url\":\"http:\/\/www.greensuperfoodglobal.com\/es\/\",\"name\":\"\",\"description\":\"\",\"publisher\":{\"@id\":\"http:\/\/www.greensuperfoodglobal.com\/es\/#organization\"},\"potentialAction\":[{\"@type\":\"SearchAction\",\"target\":{\"@type\":\"EntryPoint\",\"urlTemplate\":\"http:\/\/www.greensuperfoodglobal.com\/es\/?s={search_term_string}\"},\"query-input\":\"required name=search_term_string\"}],\"inLanguage\":\"es\"},{\"@type\":\"Organization\",\"@id\":\"http:\/\/www.greensuperfoodglobal.com\/es\/#organization\",\"name\":\"Green SuperFood\",\"url\":\"http:\/\/www.greensuperfoodglobal.com\/es\/\",\"logo\":{\"@type\":\"ImageObject\",\"inLanguage\":\"es\",\"@id\":\"http:\/\/www.greensuperfoodglobal.com\/es\/#\/schema\/logo\/image\/\",\"url\":\"https:\/\/www.greensuperfoodglobal.com\/es\/wp-content\/uploads\/2022\/06\/57155491_2260686770850079_4989973874432016384_n.jpg\",\"contentUrl\":\"https:\/\/www.greensuperfoodglobal.com\/es\/wp-content\/uploads\/2022\/06\/57155491_2260686770850079_4989973874432016384_n.jpg\",\"width\":1300,\"height\":1300,\"caption\":\"Green SuperFood\"},\"image\":{\"@id\":\"http:\/\/www.greensuperfoodglobal.com\/es\/#\/schema\/logo\/image\/\"}}]}<\/script>\n<!-- \/ Yoast SEO plugin. -->","yoast_head_json":{"title":"Pol\u00edtica de tratamiento de datos - GSF -","robots":{"index":"index","follow":"follow","max-snippet":"max-snippet:-1","max-image-preview":"max-image-preview:large","max-video-preview":"max-video-preview:-1"},"canonical":"https:\/\/www.greensuperfoodglobal.com\/es\/politica-datos\/","og_locale":"es_ES","og_type":"article","og_title":"Pol\u00edtica de tratamiento de datos - GSF -","og_description":"Pol\u00edtica de tratamiento de datos: Diligenciar formato de ingreso AQU\u00cd Al haber suministrado sus datos personales, usted ha sido informado y acepta las pol\u00edticas de tratamiento de datos personales establecidosSeguir leyendo Pol\u00edtica de tratamiento de datos &#8211; GSF","og_url":"https:\/\/www.greensuperfoodglobal.com\/es\/politica-datos\/","article_modified_time":"2026-03-10T20:56:55+00:00","og_image":[{"url":"http:\/\/www.greensuperfoodglobal.com\/es\/wp-content\/uploads\/2021\/08\/divisor-2.png"}],"twitter_card":"summary_large_image","twitter_misc":{"Tiempo de lectura":"2 minutos"},"schema":{"@context":"https:\/\/schema.org","@graph":[{"@type":"WebPage","@id":"https:\/\/www.greensuperfoodglobal.com\/es\/politica-datos\/","url":"https:\/\/www.greensuperfoodglobal.com\/es\/politica-datos\/","name":"Pol\u00edtica de tratamiento de datos - GSF -","isPartOf":{"@id":"http:\/\/www.greensuperfoodglobal.com\/es\/#website"},"datePublished":"2022-07-11T15:29:57+00:00","dateModified":"2026-03-10T20:56:55+00:00","breadcrumb":{"@id":"https:\/\/www.greensuperfoodglobal.com\/es\/politica-datos\/#breadcrumb"},"inLanguage":"es","potentialAction":[{"@type":"ReadAction","target":["https:\/\/www.greensuperfoodglobal.com\/es\/politica-datos\/"]}]},{"@type":"BreadcrumbList","@id":"https:\/\/www.greensuperfoodglobal.com\/es\/politica-datos\/#breadcrumb","itemListElement":[{"@type":"ListItem","position":1,"name":"Portada","item":"https:\/\/www.greensuperfoodglobal.com\/es\/"},{"@type":"ListItem","position":2,"name":"Pol\u00edtica de tratamiento de datos &#8211; GSF"}]},{"@type":"WebSite","@id":"http:\/\/www.greensuperfoodglobal.com\/es\/#website","url":"http:\/\/www.greensuperfoodglobal.com\/es\/","name":"","description":"","publisher":{"@id":"http:\/\/www.greensuperfoodglobal.com\/es\/#organization"},"potentialAction":[{"@type":"SearchAction","target":{"@type":"EntryPoint","urlTemplate":"http:\/\/www.greensuperfoodglobal.com\/es\/?s={search_term_string}"},"query-input":"required name=search_term_string"}],"inLanguage":"es"},{"@type":"Organization","@id":"http:\/\/www.greensuperfoodglobal.com\/es\/#organization","name":"Green SuperFood","url":"http:\/\/www.greensuperfoodglobal.com\/es\/","logo":{"@type":"ImageObject","inLanguage":"es","@id":"http:\/\/www.greensuperfoodglobal.com\/es\/#\/schema\/logo\/image\/","url":"https:\/\/www.greensuperfoodglobal.com\/es\/wp-content\/uploads\/2022\/06\/57155491_2260686770850079_4989973874432016384_n.jpg","contentUrl":"https:\/\/www.greensuperfoodglobal.com\/es\/wp-content\/uploads\/2022\/06\/57155491_2260686770850079_4989973874432016384_n.jpg","width":1300,"height":1300,"caption":"Green SuperFood"},"image":{"@id":"http:\/\/www.greensuperfoodglobal.com\/es\/#\/schema\/logo\/image\/"}}]}},"_links":{"self":[{"href":"http:\/\/www.greensuperfoodglobal.com\/es\/wp-json\/wp\/v2\/pages\/4787"}],"collection":[{"href":"http:\/\/www.greensuperfoodglobal.com\/es\/wp-json\/wp\/v2\/pages"}],"about":[{"href":"http:\/\/www.greensuperfoodglobal.com\/es\/wp-json\/wp\/v2\/types\/page"}],"author":[{"embeddable":true,"href":"http:\/\/www.greensuperfoodglobal.com\/es\/wp-json\/wp\/v2\/users\/1"}],"replies":[{"embeddable":true,"href":"http:\/\/www.greensuperfoodglobal.com\/es\/wp-json\/wp\/v2\/comments?post=4787"}],"version-history":[{"count":34,"href":"http:\/\/www.greensuperfoodglobal.com\/es\/wp-json\/wp\/v2\/pages\/4787\/revisions"}],"predecessor-version":[{"id":28061,"href":"http:\/\/www.greensuperfoodglobal.com\/es\/wp-json\/wp\/v2\/pages\/4787\/revisions\/28061"}],"wp:attachment":[{"href":"http:\/\/www.greensuperfoodglobal.com\/es\/wp-json\/wp\/v2\/media?parent=4787"}],"curies":[{"name":"wp","href":"https:\/\/api.w.org\/{rel}","templated":true}]}}