{"id":2943,"date":"2022-03-28T15:10:28","date_gmt":"2022-03-28T15:10:28","guid":{"rendered":"https:\/\/www.greensuperfoodglobal.com\/es\/?page_id=2943"},"modified":"2022-03-28T15:20:14","modified_gmt":"2022-03-28T15:20:14","slug":"recetas-v2","status":"publish","type":"page","link":"http:\/\/www.greensuperfoodglobal.com\/es\/recetas-v2\/","title":{"rendered":"Recetas &#8211; GSF"},"content":{"rendered":"\t\t<div data-elementor-type=\"wp-page\" data-elementor-id=\"2943\" class=\"elementor elementor-2943\">\n\t\t\t\t\t\t\t\t\t<section class=\"elementor-section elementor-top-section elementor-element elementor-element-37774c9 elementor-section-full_width elementor-section-height-default elementor-section-height-default\" data-id=\"37774c9\" data-element_type=\"section\">\n\t\t\t\t\t\t<div class=\"elementor-container elementor-column-gap-default\">\n\t\t\t\t\t<div class=\"elementor-column elementor-col-100 elementor-top-column elementor-element elementor-element-b6bd800\" data-id=\"b6bd800\" data-element_type=\"column\">\n\t\t\t<div class=\"elementor-widget-wrap elementor-element-populated\">\n\t\t\t\t\t\t\t\t<div class=\"elementor-element elementor-element-fab178f elementor-widget elementor-widget-wp-widget-maxmegamenu\" data-id=\"fab178f\" data-element_type=\"widget\" data-widget_type=\"wp-widget-maxmegamenu.default\">\n\t\t\t\t<div class=\"elementor-widget-container\">\n\t\t\t<div id=\"mega-menu-wrap-max_mega_menu_1\" class=\"mega-menu-wrap\"><div class=\"mega-menu-toggle\"><div class=\"mega-toggle-blocks-left\"><\/div><div class=\"mega-toggle-blocks-center\"><\/div><div class=\"mega-toggle-blocks-right\"><div class='mega-toggle-block mega-menu-toggle-animated-block mega-toggle-block-0' id='mega-toggle-block-0'><button aria-label=\"Toggle Menu\" class=\"mega-toggle-animated mega-toggle-animated-slider\" type=\"button\" aria-expanded=\"false\">\n                  <span class=\"mega-toggle-animated-box\">\n                    <span class=\"mega-toggle-animated-inner\"><\/span>\n                  <\/span>\n                <\/button><\/div><\/div><\/div><ul id=\"mega-menu-max_mega_menu_1\" class=\"mega-menu max-mega-menu mega-menu-horizontal mega-no-js\" data-event=\"hover_intent\" data-effect=\"fade_up\" data-effect-speed=\"200\" data-effect-mobile=\"disabled\" data-effect-speed-mobile=\"0\" data-mobile-force-width=\"false\" data-second-click=\"go\" data-document-click=\"collapse\" data-vertical-behaviour=\"standard\" data-breakpoint=\"768\" data-unbind=\"true\" data-mobile-state=\"collapse_all\" data-mobile-direction=\"vertical\" data-hover-intent-timeout=\"300\" data-hover-intent-interval=\"100\"><li class=\"mega-menu-item mega-menu-item-type-post_type mega-menu-item-object-page mega-menu-item-home mega-align-bottom-left mega-menu-flyout mega-menu-item-27972\" id=\"mega-menu-item-27972\"><a class=\"mega-menu-link\" href=\"http:\/\/www.greensuperfoodglobal.com\/es\/\" tabindex=\"0\">Inicio<\/a><\/li><li class=\"mega-menu-item mega-menu-item-type-post_type mega-menu-item-object-page mega-menu-item-has-children mega-align-bottom-left mega-menu-flyout mega-menu-item-27973\" id=\"mega-menu-item-27973\"><a class=\"mega-menu-link\" href=\"http:\/\/www.greensuperfoodglobal.com\/es\/nosotros\/\" aria-expanded=\"false\" tabindex=\"0\">Nosotros<span class=\"mega-indicator\" aria-hidden=\"true\"><\/span><\/a>\n<ul class=\"mega-sub-menu\">\n<li class=\"mega-menu-item mega-menu-item-type-post_type mega-menu-item-object-page mega-menu-item-27981\" id=\"mega-menu-item-27981\"><a class=\"mega-menu-link\" href=\"http:\/\/www.greensuperfoodglobal.com\/es\/farmers-home\/\">Farmers Home<\/a><\/li><li class=\"mega-menu-item mega-menu-item-type-post_type mega-menu-item-object-page mega-menu-item-27980\" id=\"mega-menu-item-27980\"><a class=\"mega-menu-link\" href=\"http:\/\/www.greensuperfoodglobal.com\/es\/maquila\/\">Servicios de Maquila<\/a><\/li><\/ul>\n<\/li><li class=\"mega-menu-item mega-menu-item-type-post_type mega-menu-item-object-page mega-align-bottom-left mega-menu-flyout mega-menu-item-27974\" id=\"mega-menu-item-27974\"><a class=\"mega-menu-link\" href=\"http:\/\/www.greensuperfoodglobal.com\/es\/vivero\/\" tabindex=\"0\">Vivero<\/a><\/li><li class=\"mega-menu-item mega-menu-item-type-post_type mega-menu-item-object-page mega-menu-item-has-children mega-align-bottom-left mega-menu-flyout mega-menu-item-27975\" id=\"mega-menu-item-27975\"><a class=\"mega-menu-link\" href=\"http:\/\/www.greensuperfoodglobal.com\/es\/productos\/\" aria-expanded=\"false\" tabindex=\"0\">Productos<span class=\"mega-indicator\" aria-hidden=\"true\"><\/span><\/a>\n<ul class=\"mega-sub-menu\">\n<li class=\"mega-menu-item mega-menu-item-type-post_type mega-menu-item-object-page mega-menu-item-27982\" id=\"mega-menu-item-27982\"><a class=\"mega-menu-link\" href=\"http:\/\/www.greensuperfoodglobal.com\/es\/recetas-v2\/\">Recetas<\/a><\/li><\/ul>\n<\/li><li class=\"mega-menu-item mega-menu-item-type-post_type mega-menu-item-object-page mega-menu-item-has-children mega-align-bottom-left mega-menu-flyout mega-menu-item-27976\" id=\"mega-menu-item-27976\"><a class=\"mega-menu-link\" href=\"http:\/\/www.greensuperfoodglobal.com\/es\/contacto\/\" aria-expanded=\"false\" tabindex=\"0\">Contacto<span class=\"mega-indicator\" aria-hidden=\"true\"><\/span><\/a>\n<ul class=\"mega-sub-menu\">\n<li class=\"mega-menu-item mega-menu-item-type-post_type mega-menu-item-object-page mega-menu-item-27983\" id=\"mega-menu-item-27983\"><a class=\"mega-menu-link\" href=\"http:\/\/www.greensuperfoodglobal.com\/es\/politicas\/\">Pol\u00edticas<\/a><\/li><li class=\"mega-menu-item mega-menu-item-type-post_type mega-menu-item-object-page mega-menu-item-27984\" id=\"mega-menu-item-27984\"><a class=\"mega-menu-link\" href=\"http:\/\/www.greensuperfoodglobal.com\/es\/politica-datos\/\">Pol\u00edtica de tratamiento de datos &#8211; GSF<\/a><\/li><li class=\"mega-menu-item mega-menu-item-type-post_type mega-menu-item-object-page mega-menu-item-27985\" id=\"mega-menu-item-27985\"><a class=\"mega-menu-link\" href=\"http:\/\/www.greensuperfoodglobal.com\/es\/hoja-de-vida\/\">Trabaje con nosotros &#8211; GSF Global<\/a><\/li><\/ul>\n<\/li><li class=\"mega-menu-item mega-menu-item-type-post_type mega-menu-item-object-page mega-menu-item-has-children mega-align-bottom-left mega-menu-flyout mega-menu-item-27987\" id=\"mega-menu-item-27987\"><a class=\"mega-menu-link\" href=\"http:\/\/www.greensuperfoodglobal.com\/es\/lineaetica\/\" aria-expanded=\"false\" tabindex=\"0\">L\u00ednea \u00c9tica<span class=\"mega-indicator\" aria-hidden=\"true\"><\/span><\/a>\n<ul class=\"mega-sub-menu\">\n<li class=\"mega-menu-item mega-menu-item-type-post_type mega-menu-item-object-page mega-menu-item-27988\" id=\"mega-menu-item-27988\"><a class=\"mega-menu-link\" href=\"http:\/\/www.greensuperfoodglobal.com\/es\/lineaetica\/linea-etica\/\">PQRSDF<\/a><\/li><\/ul>\n<\/li><li class=\"mega-menu-item mega-menu-item-type-post_type mega-menu-item-object-page mega-align-bottom-left mega-menu-flyout mega-menu-item-27979\" id=\"mega-menu-item-27979\"><a class=\"mega-menu-link\" href=\"http:\/\/www.greensuperfoodglobal.com\/es\/blog\/\" tabindex=\"0\">Blog &#8211; GSF<\/a><\/li><\/ul><\/div>\t\t<\/div>\n\t\t\t\t<\/div>\n\t\t\t\t\t<\/div>\n\t\t<\/div>\n\t\t\t\t\t\t\t<\/div>\n\t\t<\/section>\n\t\t\t\t<section class=\"elementor-section elementor-top-section elementor-element elementor-element-31843427 elementor-section-full_width elementor-section-height-default elementor-section-height-default\" data-id=\"31843427\" data-element_type=\"section\">\n\t\t\t\t\t\t<div class=\"elementor-container elementor-column-gap-default\">\n\t\t\t\t\t<div class=\"elementor-column elementor-col-100 elementor-top-column elementor-element elementor-element-4388ecfe\" data-id=\"4388ecfe\" data-element_type=\"column\">\n\t\t\t<div class=\"elementor-widget-wrap elementor-element-populated\">\n\t\t\t\t\t\t\t\t<div class=\"elementor-element elementor-element-95bf862 elementor-widget elementor-widget-image\" data-id=\"95bf862\" data-element_type=\"widget\" data-widget_type=\"image.default\">\n\t\t\t\t<div class=\"elementor-widget-container\">\n\t\t\t\t\t\t\t\t\t\t\t\t\t\t\t<img fetchpriority=\"high\" decoding=\"async\" width=\"1920\" height=\"639\" src=\"http:\/\/www.greensuperfoodglobal.com\/es\/wp-content\/uploads\/2021\/08\/ban-rec.jpg\" class=\"attachment-full size-full wp-image-1844\" alt=\"\" srcset=\"http:\/\/www.greensuperfoodglobal.com\/es\/wp-content\/uploads\/2021\/08\/ban-rec.jpg 1920w, http:\/\/www.greensuperfoodglobal.com\/es\/wp-content\/uploads\/2021\/08\/ban-rec-300x100.jpg 300w, http:\/\/www.greensuperfoodglobal.com\/es\/wp-content\/uploads\/2021\/08\/ban-rec-1024x341.jpg 1024w, http:\/\/www.greensuperfoodglobal.com\/es\/wp-content\/uploads\/2021\/08\/ban-rec-768x256.jpg 768w, http:\/\/www.greensuperfoodglobal.com\/es\/wp-content\/uploads\/2021\/08\/ban-rec-1536x511.jpg 1536w\" sizes=\"(max-width: 1920px) 100vw, 1920px\" \/>\t\t\t\t\t\t\t\t\t\t\t\t\t\t\t<\/div>\n\t\t\t\t<\/div>\n\t\t\t\t\t<\/div>\n\t\t<\/div>\n\t\t\t\t\t\t\t<\/div>\n\t\t<\/section>\n\t\t\t\t<section class=\"elementor-section elementor-top-section elementor-element elementor-element-0a8d553 elementor-section-content-middle elementor-section-boxed elementor-section-height-default elementor-section-height-default\" data-id=\"0a8d553\" data-element_type=\"section\" data-settings=\"{&quot;background_background&quot;:&quot;classic&quot;}\">\n\t\t\t\t\t\t<div class=\"elementor-container elementor-column-gap-default\">\n\t\t\t\t\t<div class=\"elementor-column elementor-col-100 elementor-top-column elementor-element elementor-element-781fa2f\" data-id=\"781fa2f\" data-element_type=\"column\">\n\t\t\t<div class=\"elementor-widget-wrap elementor-element-populated\">\n\t\t\t\t\t\t\t\t<div class=\"elementor-element elementor-element-e32c455 elementor-widget elementor-widget-blogmentor_blog_posts\" data-id=\"e32c455\" data-element_type=\"widget\" data-widget_type=\"blogmentor_blog_posts.default\">\n\t\t\t\t<div class=\"elementor-widget-container\">\n\t\t\t\t\t\n\t\t\t\t\t<div class=\"upl-main\">\n\t\t<div class=\"upl-container\">\n\t\t\t\t\t\t\t<div class=\"upl-left-section bm_content_box\">\n\t\t\t\t\t\t\t\t<div class=\"bm-post-image clearfix bm-hover-effect bm-hover-effect-blur\">\n\t\t\t\t\t<div class=\"upl-image\" style=\"background-image: url('http:\/\/www.greensuperfoodglobal.com\/es\/wp-content\/uploads\/2022\/03\/smoothie.jpg')\"><\/div>\n\t\t\t\t<\/div>\n\t\t\t\t<div class=\"upl-author\"><img decoding=\"async\" src=\"http:\/\/1.gravatar.com\/avatar\/46b0c50d9e634195cc18255246dd52e1?s=96&d=mm&r=g\"><\/div>\n\t\t\t\t<div class=\"upl-title bm_title\"><a href=\"http:\/\/www.greensuperfoodglobal.com\/es\/2022\/03\/28\/batido-de-aguacate\/\" rel=\"bookmark\">Batido de aguacate<\/a><\/div>\t\t\t\t\t<div class=\"upl-excerpt bm_content\"> Ingredientes 1\/2\u00a0aguacate1\u00a0banano1\u00a0taza de espinacas (30 g)1 taza de leche de almendras (250 ml)Preparaci\u00f3n Echa todos los ingredientes en la batidora y bate hasta que est\u00e9n bien integrados.El batido est\u00e1 mejor&hellip; <\/div>\n\t\t\t\t\t\t\t\t\t<div class=\"upl-cat-date bm_meta\">\n\t\t\t\t\t\tGreen SuperFood | marzo 28, 2022 \t\t\t\t\t<\/div>\n\t\t\t\t\t\t\t<\/div>\n\t\t\t\n\t\t\t\t\t\t<div class=\"upl-right-section\">\n\t\t\t\t<div class=\"upl-top bm_content_box\">\n\t\t\t\t\t<div class=\"bm-post-image clearfix bm-hover-effect bm-hover-effect-blur\">\n\t\t\t\t\t\t<div class=\"upl-image\" style=\"background-image: url('http:\/\/www.greensuperfoodglobal.com\/es\/wp-content\/uploads\/2022\/03\/arepa-aguacate.jpg')\"><\/div>\n\t\t\t\t\t<\/div>\n\t\t\t\t\t<div class=\"upl-author\">\n\t\t\t\t\t\t<img decoding=\"async\" src=\"http:\/\/1.gravatar.com\/avatar\/46b0c50d9e634195cc18255246dd52e1?s=96&d=mm&r=g\">\n\t\t\t\t\t<\/div>\n\t\t\t\t\t<div class=\"upl-title bm_title\"><a href=\"http:\/\/www.greensuperfoodglobal.com\/es\/2022\/03\/28\/arepas-rellenas-de-aguacate-pollo-y-mayonesa\/\" rel=\"bookmark\">Arepas rellenas de aguacate, pollo y mayonesa<\/a><\/div>\t\t\t\t\t\t<div class=\"upl-excerpt bm_content\"> Ingredientes:\u00a0\u00a0Arepas400 g. pechuga de pollo1 aguacate Hass maduro1 cebolla2 dientes de ajo3&hellip; <\/div>\n\t\t\t\t\t\t\t\t\t\t\t<div class=\"upl-cat-date bm_meta\">\n\t\t\t\t\t\tGreen SuperFood | marzo 28, 2022 \t\t\t\t\t\t<\/div>\n\t\t\t\t\t\t\t\t\t<\/div>\n\t\t\t\t\t\t\t<div class=\"upl-bottom bm_content_box\">\n\t\t\t\t\t<div class=\"bm-post-image clearfix bm-hover-effect bm-hover-effect-blur\">\n\t\t\t\t\t\t<div class=\"upl-image\" style=\"background-image: url('http:\/\/www.greensuperfoodglobal.com\/es\/wp-content\/uploads\/2022\/03\/receta1.jpg')\"><\/div>\n\t\t\t\t\t<\/div>\n\t\t\t\t\t<div class=\"upl-author\">\n\t\t\t\t\t\t<img decoding=\"async\" src=\"http:\/\/1.gravatar.com\/avatar\/46b0c50d9e634195cc18255246dd52e1?s=96&d=mm&r=g\">\n\t\t\t\t\t<\/div>\n\t\t\t\t\t<div class=\"upl-title bm_title\"><a href=\"http:\/\/www.greensuperfoodglobal.com\/es\/2022\/03\/28\/chips-de-aguacate\/\" rel=\"bookmark\">Chips de aguacate<\/a><\/div>\t\t\t\t\t\t<div class=\"upl-excerpt bm_content\"> Ingredientes:\u00a0 1 aguacate maduro grande 3\/4 c. parmesano reci\u00e9n rallado 1 cucharadita&hellip; <\/div>\n\t\t\t\t\t\t\t\t\t\t\t<div class=\"upl-cat-date bm_meta\">\n\t\t\t\t\t\tGreen SuperFood | marzo 28, 2022 \t\t\t\t\t\t<\/div>\n\t\t\t\t\t\t\t\t\t<\/div>\n\t\t\t\t\t\t<\/div>\n\t\t<\/div>\n\t<\/div>\n\n\t<div class=\"upl-second-section\">\n\t\t\t<\/div>\n\t\t<\/div>\n\t\t\t\t<\/div>\n\t\t\t\t\t<\/div>\n\t\t<\/div>\n\t\t\t\t\t\t\t<\/div>\n\t\t<\/section>\n\t\t\t\t<section class=\"elementor-section elementor-top-section elementor-element elementor-element-33b3ef4 elementor-section-full_width elementor-section-height-default elementor-section-height-default\" data-id=\"33b3ef4\" data-element_type=\"section\" data-settings=\"{&quot;background_background&quot;:&quot;classic&quot;}\">\n\t\t\t\t\t\t<div class=\"elementor-container elementor-column-gap-default\">\n\t\t\t\t\t<div class=\"elementor-column elementor-col-100 elementor-top-column elementor-element elementor-element-7f6abd0\" data-id=\"7f6abd0\" data-element_type=\"column\">\n\t\t\t<div class=\"elementor-widget-wrap elementor-element-populated\">\n\t\t\t\t\t\t\t\t<div class=\"elementor-element elementor-element-130a8cb elementor-widget elementor-widget-image\" data-id=\"130a8cb\" data-element_type=\"widget\" data-widget_type=\"image.default\">\n\t\t\t\t<div class=\"elementor-widget-container\">\n\t\t\t\t\t\t\t\t\t\t\t\t\t\t\t<img decoding=\"async\" width=\"1896\" height=\"75\" src=\"http:\/\/www.greensuperfoodglobal.com\/es\/wp-content\/uploads\/2021\/09\/divisor-2.png\" class=\"attachment-full size-full wp-image-1950\" alt=\"\" srcset=\"http:\/\/www.greensuperfoodglobal.com\/es\/wp-content\/uploads\/2021\/09\/divisor-2.png 1896w, http:\/\/www.greensuperfoodglobal.com\/es\/wp-content\/uploads\/2021\/09\/divisor-2-300x12.png 300w, http:\/\/www.greensuperfoodglobal.com\/es\/wp-content\/uploads\/2021\/09\/divisor-2-1024x41.png 1024w, http:\/\/www.greensuperfoodglobal.com\/es\/wp-content\/uploads\/2021\/09\/divisor-2-768x30.png 768w, http:\/\/www.greensuperfoodglobal.com\/es\/wp-content\/uploads\/2021\/09\/divisor-2-1536x61.png 1536w\" sizes=\"(max-width: 1896px) 100vw, 1896px\" \/>\t\t\t\t\t\t\t\t\t\t\t\t\t\t\t<\/div>\n\t\t\t\t<\/div>\n\t\t\t\t\t<\/div>\n\t\t<\/div>\n\t\t\t\t\t\t\t<\/div>\n\t\t<\/section>\n\t\t\t\t\t\t\t<\/div>\n\t\t","protected":false},"excerpt":{"rendered":"<p>Chips de aguacate Ingredientes:\u00a0 1 aguacate maduro grande 3\/4 c. parmesano reci\u00e9n rallado 1 cucharadita jugo de limon 1\/2 cucharadita polvo de ajo 1\/2 cucharadita condimento italiano Sal kosher Pimienta<\/p>\n<p class=\"more-link\"><a href=\"http:\/\/www.greensuperfoodglobal.com\/es\/recetas-v2\/\" class=\"readmore\">Seguir leyendo<svg class=\"icon icon-arrow-right\" aria-hidden=\"true\" role=\"img\"> <use href=\"#icon-arrow-right\" xlink:href=\"#icon-arrow-right\"><\/use> <\/svg><span class=\"screen-reader-text\">Recetas &#8211; GSF<\/span><\/a><\/p>\n","protected":false},"author":1,"featured_media":0,"parent":0,"menu_order":0,"comment_status":"closed","ping_status":"closed","template":"elementor_canvas","meta":[],"yoast_head":"<!-- This site is optimized with the Yoast SEO plugin v21.8 - https:\/\/yoast.com\/wordpress\/plugins\/seo\/ -->\n<title>Recetas - GSF -<\/title>\n<meta name=\"robots\" content=\"index, follow, max-snippet:-1, max-image-preview:large, max-video-preview:-1\" \/>\n<link rel=\"canonical\" href=\"https:\/\/www.greensuperfoodglobal.com\/es\/recetas-v2\/\" \/>\n<meta property=\"og:locale\" content=\"es_ES\" \/>\n<meta property=\"og:type\" content=\"article\" \/>\n<meta property=\"og:title\" content=\"Recetas - GSF -\" \/>\n<meta property=\"og:description\" content=\"Chips de aguacate Ingredientes:\u00a0 1 aguacate maduro grande 3\/4 c. parmesano reci\u00e9n rallado 1 cucharadita jugo de limon 1\/2 cucharadita polvo de ajo 1\/2 cucharadita condimento italiano Sal kosher PimientaSeguir leyendo Recetas &#8211; GSF\" \/>\n<meta property=\"og:url\" content=\"https:\/\/www.greensuperfoodglobal.com\/es\/recetas-v2\/\" \/>\n<meta property=\"article:modified_time\" content=\"2022-03-28T15:20:14+00:00\" \/>\n<meta property=\"og:image\" content=\"http:\/\/www.greensuperfoodglobal.com\/es\/wp-content\/uploads\/2021\/08\/ban-rec.jpg\" \/>\n<meta name=\"twitter:card\" content=\"summary_large_image\" \/>\n<meta name=\"twitter:label1\" content=\"Tiempo de lectura\" \/>\n\t<meta name=\"twitter:data1\" content=\"1 minuto\" \/>\n<script type=\"application\/ld+json\" class=\"yoast-schema-graph\">{\"@context\":\"https:\/\/schema.org\",\"@graph\":[{\"@type\":\"WebPage\",\"@id\":\"https:\/\/www.greensuperfoodglobal.com\/es\/recetas-v2\/\",\"url\":\"https:\/\/www.greensuperfoodglobal.com\/es\/recetas-v2\/\",\"name\":\"Recetas - GSF -\",\"isPartOf\":{\"@id\":\"http:\/\/www.greensuperfoodglobal.com\/es\/#website\"},\"datePublished\":\"2022-03-28T15:10:28+00:00\",\"dateModified\":\"2022-03-28T15:20:14+00:00\",\"breadcrumb\":{\"@id\":\"https:\/\/www.greensuperfoodglobal.com\/es\/recetas-v2\/#breadcrumb\"},\"inLanguage\":\"es\",\"potentialAction\":[{\"@type\":\"ReadAction\",\"target\":[\"https:\/\/www.greensuperfoodglobal.com\/es\/recetas-v2\/\"]}]},{\"@type\":\"BreadcrumbList\",\"@id\":\"https:\/\/www.greensuperfoodglobal.com\/es\/recetas-v2\/#breadcrumb\",\"itemListElement\":[{\"@type\":\"ListItem\",\"position\":1,\"name\":\"Portada\",\"item\":\"https:\/\/www.greensuperfoodglobal.com\/es\/\"},{\"@type\":\"ListItem\",\"position\":2,\"name\":\"Recetas &#8211; GSF\"}]},{\"@type\":\"WebSite\",\"@id\":\"http:\/\/www.greensuperfoodglobal.com\/es\/#website\",\"url\":\"http:\/\/www.greensuperfoodglobal.com\/es\/\",\"name\":\"\",\"description\":\"\",\"publisher\":{\"@id\":\"http:\/\/www.greensuperfoodglobal.com\/es\/#organization\"},\"potentialAction\":[{\"@type\":\"SearchAction\",\"target\":{\"@type\":\"EntryPoint\",\"urlTemplate\":\"http:\/\/www.greensuperfoodglobal.com\/es\/?s={search_term_string}\"},\"query-input\":\"required name=search_term_string\"}],\"inLanguage\":\"es\"},{\"@type\":\"Organization\",\"@id\":\"http:\/\/www.greensuperfoodglobal.com\/es\/#organization\",\"name\":\"Green SuperFood\",\"url\":\"http:\/\/www.greensuperfoodglobal.com\/es\/\",\"logo\":{\"@type\":\"ImageObject\",\"inLanguage\":\"es\",\"@id\":\"http:\/\/www.greensuperfoodglobal.com\/es\/#\/schema\/logo\/image\/\",\"url\":\"https:\/\/www.greensuperfoodglobal.com\/es\/wp-content\/uploads\/2022\/06\/57155491_2260686770850079_4989973874432016384_n.jpg\",\"contentUrl\":\"https:\/\/www.greensuperfoodglobal.com\/es\/wp-content\/uploads\/2022\/06\/57155491_2260686770850079_4989973874432016384_n.jpg\",\"width\":1300,\"height\":1300,\"caption\":\"Green SuperFood\"},\"image\":{\"@id\":\"http:\/\/www.greensuperfoodglobal.com\/es\/#\/schema\/logo\/image\/\"}}]}<\/script>\n<!-- \/ Yoast SEO plugin. -->","yoast_head_json":{"title":"Recetas - GSF -","robots":{"index":"index","follow":"follow","max-snippet":"max-snippet:-1","max-image-preview":"max-image-preview:large","max-video-preview":"max-video-preview:-1"},"canonical":"https:\/\/www.greensuperfoodglobal.com\/es\/recetas-v2\/","og_locale":"es_ES","og_type":"article","og_title":"Recetas - GSF -","og_description":"Chips de aguacate Ingredientes:\u00a0 1 aguacate maduro grande 3\/4 c. parmesano reci\u00e9n rallado 1 cucharadita jugo de limon 1\/2 cucharadita polvo de ajo 1\/2 cucharadita condimento italiano Sal kosher PimientaSeguir leyendo Recetas &#8211; GSF","og_url":"https:\/\/www.greensuperfoodglobal.com\/es\/recetas-v2\/","article_modified_time":"2022-03-28T15:20:14+00:00","og_image":[{"url":"http:\/\/www.greensuperfoodglobal.com\/es\/wp-content\/uploads\/2021\/08\/ban-rec.jpg"}],"twitter_card":"summary_large_image","twitter_misc":{"Tiempo de lectura":"1 minuto"},"schema":{"@context":"https:\/\/schema.org","@graph":[{"@type":"WebPage","@id":"https:\/\/www.greensuperfoodglobal.com\/es\/recetas-v2\/","url":"https:\/\/www.greensuperfoodglobal.com\/es\/recetas-v2\/","name":"Recetas - GSF -","isPartOf":{"@id":"http:\/\/www.greensuperfoodglobal.com\/es\/#website"},"datePublished":"2022-03-28T15:10:28+00:00","dateModified":"2022-03-28T15:20:14+00:00","breadcrumb":{"@id":"https:\/\/www.greensuperfoodglobal.com\/es\/recetas-v2\/#breadcrumb"},"inLanguage":"es","potentialAction":[{"@type":"ReadAction","target":["https:\/\/www.greensuperfoodglobal.com\/es\/recetas-v2\/"]}]},{"@type":"BreadcrumbList","@id":"https:\/\/www.greensuperfoodglobal.com\/es\/recetas-v2\/#breadcrumb","itemListElement":[{"@type":"ListItem","position":1,"name":"Portada","item":"https:\/\/www.greensuperfoodglobal.com\/es\/"},{"@type":"ListItem","position":2,"name":"Recetas &#8211; GSF"}]},{"@type":"WebSite","@id":"http:\/\/www.greensuperfoodglobal.com\/es\/#website","url":"http:\/\/www.greensuperfoodglobal.com\/es\/","name":"","description":"","publisher":{"@id":"http:\/\/www.greensuperfoodglobal.com\/es\/#organization"},"potentialAction":[{"@type":"SearchAction","target":{"@type":"EntryPoint","urlTemplate":"http:\/\/www.greensuperfoodglobal.com\/es\/?s={search_term_string}"},"query-input":"required name=search_term_string"}],"inLanguage":"es"},{"@type":"Organization","@id":"http:\/\/www.greensuperfoodglobal.com\/es\/#organization","name":"Green SuperFood","url":"http:\/\/www.greensuperfoodglobal.com\/es\/","logo":{"@type":"ImageObject","inLanguage":"es","@id":"http:\/\/www.greensuperfoodglobal.com\/es\/#\/schema\/logo\/image\/","url":"https:\/\/www.greensuperfoodglobal.com\/es\/wp-content\/uploads\/2022\/06\/57155491_2260686770850079_4989973874432016384_n.jpg","contentUrl":"https:\/\/www.greensuperfoodglobal.com\/es\/wp-content\/uploads\/2022\/06\/57155491_2260686770850079_4989973874432016384_n.jpg","width":1300,"height":1300,"caption":"Green SuperFood"},"image":{"@id":"http:\/\/www.greensuperfoodglobal.com\/es\/#\/schema\/logo\/image\/"}}]}},"_links":{"self":[{"href":"http:\/\/www.greensuperfoodglobal.com\/es\/wp-json\/wp\/v2\/pages\/2943"}],"collection":[{"href":"http:\/\/www.greensuperfoodglobal.com\/es\/wp-json\/wp\/v2\/pages"}],"about":[{"href":"http:\/\/www.greensuperfoodglobal.com\/es\/wp-json\/wp\/v2\/types\/page"}],"author":[{"embeddable":true,"href":"http:\/\/www.greensuperfoodglobal.com\/es\/wp-json\/wp\/v2\/users\/1"}],"replies":[{"embeddable":true,"href":"http:\/\/www.greensuperfoodglobal.com\/es\/wp-json\/wp\/v2\/comments?post=2943"}],"version-history":[{"count":19,"href":"http:\/\/www.greensuperfoodglobal.com\/es\/wp-json\/wp\/v2\/pages\/2943\/revisions"}],"predecessor-version":[{"id":2963,"href":"http:\/\/www.greensuperfoodglobal.com\/es\/wp-json\/wp\/v2\/pages\/2943\/revisions\/2963"}],"wp:attachment":[{"href":"http:\/\/www.greensuperfoodglobal.com\/es\/wp-json\/wp\/v2\/media?parent=2943"}],"curies":[{"name":"wp","href":"https:\/\/api.w.org\/{rel}","templated":true}]}}