{"id":17278,"date":"2023-02-02T14:44:22","date_gmt":"2023-02-02T14:44:22","guid":{"rendered":"https:\/\/www.greensuperfoodglobal.com\/es\/?page_id=17278"},"modified":"2025-11-19T16:33:12","modified_gmt":"2025-11-19T16:33:12","slug":"politicas","status":"publish","type":"page","link":"http:\/\/www.greensuperfoodglobal.com\/es\/politicas\/","title":{"rendered":"Pol\u00edticas"},"content":{"rendered":"\t\t<div data-elementor-type=\"wp-page\" data-elementor-id=\"17278\" class=\"elementor elementor-17278\">\n\t\t\t\t\t\t\t\t\t<section class=\"elementor-section elementor-top-section elementor-element elementor-element-af30711 elementor-section-boxed elementor-section-height-default elementor-section-height-default\" data-id=\"af30711\" data-element_type=\"section\">\n\t\t\t\t\t\t<div class=\"elementor-container elementor-column-gap-default\">\n\t\t\t\t\t<div class=\"elementor-column elementor-col-100 elementor-top-column elementor-element elementor-element-77f86aa\" data-id=\"77f86aa\" data-element_type=\"column\">\n\t\t\t<div class=\"elementor-widget-wrap elementor-element-populated\">\n\t\t\t\t\t\t\t\t<div class=\"elementor-element elementor-element-2c6a342 elementor-widget elementor-widget-wp-widget-maxmegamenu\" data-id=\"2c6a342\" data-element_type=\"widget\" data-widget_type=\"wp-widget-maxmegamenu.default\">\n\t\t\t\t<div class=\"elementor-widget-container\">\n\t\t\t<div id=\"mega-menu-wrap-max_mega_menu_1\" class=\"mega-menu-wrap\"><div class=\"mega-menu-toggle\"><div class=\"mega-toggle-blocks-left\"><\/div><div class=\"mega-toggle-blocks-center\"><\/div><div class=\"mega-toggle-blocks-right\"><div class='mega-toggle-block mega-menu-toggle-animated-block mega-toggle-block-0' id='mega-toggle-block-0'><button aria-label=\"Toggle Menu\" class=\"mega-toggle-animated mega-toggle-animated-slider\" type=\"button\" aria-expanded=\"false\">\n                  <span class=\"mega-toggle-animated-box\">\n                    <span class=\"mega-toggle-animated-inner\"><\/span>\n                  <\/span>\n                <\/button><\/div><\/div><\/div><ul id=\"mega-menu-max_mega_menu_1\" class=\"mega-menu max-mega-menu mega-menu-horizontal mega-no-js\" data-event=\"hover_intent\" data-effect=\"fade_up\" data-effect-speed=\"200\" data-effect-mobile=\"disabled\" data-effect-speed-mobile=\"0\" data-mobile-force-width=\"false\" data-second-click=\"go\" data-document-click=\"collapse\" data-vertical-behaviour=\"standard\" data-breakpoint=\"768\" data-unbind=\"true\" data-mobile-state=\"collapse_all\" data-mobile-direction=\"vertical\" data-hover-intent-timeout=\"300\" data-hover-intent-interval=\"100\"><li class=\"mega-menu-item mega-menu-item-type-post_type mega-menu-item-object-page mega-menu-item-home mega-align-bottom-left mega-menu-flyout mega-menu-item-27972\" id=\"mega-menu-item-27972\"><a class=\"mega-menu-link\" href=\"http:\/\/www.greensuperfoodglobal.com\/es\/\" tabindex=\"0\">Inicio<\/a><\/li><li class=\"mega-menu-item mega-menu-item-type-post_type mega-menu-item-object-page mega-menu-item-has-children mega-align-bottom-left mega-menu-flyout mega-menu-item-27973\" id=\"mega-menu-item-27973\"><a class=\"mega-menu-link\" href=\"http:\/\/www.greensuperfoodglobal.com\/es\/nosotros\/\" aria-expanded=\"false\" tabindex=\"0\">Nosotros<span class=\"mega-indicator\" aria-hidden=\"true\"><\/span><\/a>\n<ul class=\"mega-sub-menu\">\n<li class=\"mega-menu-item mega-menu-item-type-post_type mega-menu-item-object-page mega-menu-item-27981\" id=\"mega-menu-item-27981\"><a class=\"mega-menu-link\" href=\"http:\/\/www.greensuperfoodglobal.com\/es\/farmers-home\/\">Farmers Home<\/a><\/li><li class=\"mega-menu-item mega-menu-item-type-post_type mega-menu-item-object-page mega-menu-item-27980\" id=\"mega-menu-item-27980\"><a class=\"mega-menu-link\" href=\"http:\/\/www.greensuperfoodglobal.com\/es\/maquila\/\">Servicios de Maquila<\/a><\/li><\/ul>\n<\/li><li class=\"mega-menu-item mega-menu-item-type-post_type mega-menu-item-object-page mega-align-bottom-left mega-menu-flyout mega-menu-item-27974\" id=\"mega-menu-item-27974\"><a class=\"mega-menu-link\" href=\"http:\/\/www.greensuperfoodglobal.com\/es\/vivero\/\" tabindex=\"0\">Vivero<\/a><\/li><li class=\"mega-menu-item mega-menu-item-type-post_type mega-menu-item-object-page mega-menu-item-has-children mega-align-bottom-left mega-menu-flyout mega-menu-item-27975\" id=\"mega-menu-item-27975\"><a class=\"mega-menu-link\" href=\"http:\/\/www.greensuperfoodglobal.com\/es\/productos\/\" aria-expanded=\"false\" tabindex=\"0\">Productos<span class=\"mega-indicator\" aria-hidden=\"true\"><\/span><\/a>\n<ul class=\"mega-sub-menu\">\n<li class=\"mega-menu-item mega-menu-item-type-post_type mega-menu-item-object-page mega-menu-item-27982\" id=\"mega-menu-item-27982\"><a class=\"mega-menu-link\" href=\"http:\/\/www.greensuperfoodglobal.com\/es\/recetas-v2\/\">Recetas<\/a><\/li><\/ul>\n<\/li><li class=\"mega-menu-item mega-menu-item-type-post_type mega-menu-item-object-page mega-menu-item-has-children mega-align-bottom-left mega-menu-flyout mega-menu-item-27976\" id=\"mega-menu-item-27976\"><a class=\"mega-menu-link\" href=\"http:\/\/www.greensuperfoodglobal.com\/es\/contacto\/\" aria-expanded=\"false\" tabindex=\"0\">Contacto<span class=\"mega-indicator\" aria-hidden=\"true\"><\/span><\/a>\n<ul class=\"mega-sub-menu\">\n<li class=\"mega-menu-item mega-menu-item-type-post_type mega-menu-item-object-page mega-menu-item-27983\" id=\"mega-menu-item-27983\"><a class=\"mega-menu-link\" href=\"http:\/\/www.greensuperfoodglobal.com\/es\/politicas\/\">Pol\u00edticas<\/a><\/li><li class=\"mega-menu-item mega-menu-item-type-post_type mega-menu-item-object-page mega-menu-item-27984\" id=\"mega-menu-item-27984\"><a class=\"mega-menu-link\" href=\"http:\/\/www.greensuperfoodglobal.com\/es\/politica-datos\/\">Pol\u00edtica de tratamiento de datos &#8211; GSF<\/a><\/li><li class=\"mega-menu-item mega-menu-item-type-post_type mega-menu-item-object-page mega-menu-item-27985\" id=\"mega-menu-item-27985\"><a class=\"mega-menu-link\" href=\"http:\/\/www.greensuperfoodglobal.com\/es\/hoja-de-vida\/\">Trabaje con nosotros &#8211; GSF Global<\/a><\/li><\/ul>\n<\/li><li class=\"mega-menu-item mega-menu-item-type-post_type mega-menu-item-object-page mega-menu-item-has-children mega-align-bottom-left mega-menu-flyout mega-menu-item-27987\" id=\"mega-menu-item-27987\"><a class=\"mega-menu-link\" href=\"http:\/\/www.greensuperfoodglobal.com\/es\/lineaetica\/\" aria-expanded=\"false\" tabindex=\"0\">L\u00ednea \u00c9tica<span class=\"mega-indicator\" aria-hidden=\"true\"><\/span><\/a>\n<ul class=\"mega-sub-menu\">\n<li class=\"mega-menu-item mega-menu-item-type-post_type mega-menu-item-object-page mega-menu-item-27988\" id=\"mega-menu-item-27988\"><a class=\"mega-menu-link\" href=\"http:\/\/www.greensuperfoodglobal.com\/es\/lineaetica\/linea-etica\/\">PQRSDF<\/a><\/li><\/ul>\n<\/li><li class=\"mega-menu-item mega-menu-item-type-post_type mega-menu-item-object-page mega-align-bottom-left mega-menu-flyout mega-menu-item-27979\" id=\"mega-menu-item-27979\"><a class=\"mega-menu-link\" href=\"http:\/\/www.greensuperfoodglobal.com\/es\/blog\/\" tabindex=\"0\">Blog &#8211; GSF<\/a><\/li><\/ul><\/div>\t\t<\/div>\n\t\t\t\t<\/div>\n\t\t\t\t<div class=\"elementor-element elementor-element-1c025f1 elementor-widget elementor-widget-spacer\" data-id=\"1c025f1\" data-element_type=\"widget\" data-widget_type=\"spacer.default\">\n\t\t\t\t<div class=\"elementor-widget-container\">\n\t\t\t\t\t<div class=\"elementor-spacer\">\n\t\t\t<div class=\"elementor-spacer-inner\"><\/div>\n\t\t<\/div>\n\t\t\t\t<\/div>\n\t\t\t\t<\/div>\n\t\t\t\t\t<\/div>\n\t\t<\/div>\n\t\t\t\t\t\t\t<\/div>\n\t\t<\/section>\n\t\t\t\t<section class=\"elementor-section elementor-top-section elementor-element elementor-element-bc0c573 elementor-section-boxed elementor-section-height-default elementor-section-height-default\" data-id=\"bc0c573\" data-element_type=\"section\">\n\t\t\t\t\t\t<div class=\"elementor-container elementor-column-gap-default\">\n\t\t\t\t\t<div class=\"elementor-column elementor-col-100 elementor-top-column elementor-element elementor-element-7f9f0f4\" data-id=\"7f9f0f4\" data-element_type=\"column\">\n\t\t\t<div class=\"elementor-widget-wrap elementor-element-populated\">\n\t\t\t\t\t\t\t\t<div class=\"elementor-element elementor-element-c14ef7c elementor-widget elementor-widget-heading\" data-id=\"c14ef7c\" data-element_type=\"widget\" data-widget_type=\"heading.default\">\n\t\t\t\t<div class=\"elementor-widget-container\">\n\t\t\t<h2 class=\"elementor-heading-title elementor-size-default\">POL\u00cdTICA DEL SISTEMA DE GESTI\u00d3N DE \nCONTROL Y SEGURIDAD <\/h2>\t\t<\/div>\n\t\t\t\t<\/div>\n\t\t\t\t\t<\/div>\n\t\t<\/div>\n\t\t\t\t\t\t\t<\/div>\n\t\t<\/section>\n\t\t\t\t<section class=\"elementor-section elementor-top-section elementor-element elementor-element-2e2537f elementor-section-boxed elementor-section-height-default elementor-section-height-default\" data-id=\"2e2537f\" data-element_type=\"section\" data-settings=\"{&quot;background_background&quot;:&quot;slideshow&quot;,&quot;background_slideshow_gallery&quot;:[],&quot;background_slideshow_loop&quot;:&quot;yes&quot;,&quot;background_slideshow_slide_duration&quot;:5000,&quot;background_slideshow_slide_transition&quot;:&quot;fade&quot;,&quot;background_slideshow_transition_duration&quot;:500}\">\n\t\t\t\t\t\t<div class=\"elementor-container elementor-column-gap-default\">\n\t\t\t\t\t<div class=\"elementor-column elementor-col-100 elementor-top-column elementor-element elementor-element-433056c\" data-id=\"433056c\" data-element_type=\"column\">\n\t\t\t<div class=\"elementor-widget-wrap elementor-element-populated\">\n\t\t\t\t\t\t\t\t<div class=\"elementor-element elementor-element-2f176be elementor-widget elementor-widget-text-editor\" data-id=\"2f176be\" data-element_type=\"widget\" data-widget_type=\"text-editor.default\">\n\t\t\t\t<div class=\"elementor-widget-container\">\n\t\t\t\t\t\t\t\t\t\t\t\t\t<\/div>\n\t\t\t\t<\/div>\n\t\t\t\t\t<\/div>\n\t\t<\/div>\n\t\t\t\t\t\t\t<\/div>\n\t\t<\/section>\n\t\t\t\t<section class=\"elementor-section elementor-top-section elementor-element elementor-element-1fa2b81 elementor-section-boxed elementor-section-height-default elementor-section-height-default\" data-id=\"1fa2b81\" data-element_type=\"section\">\n\t\t\t\t\t\t<div class=\"elementor-container elementor-column-gap-default\">\n\t\t\t\t\t<div class=\"elementor-column elementor-col-100 elementor-top-column elementor-element elementor-element-bf17e37\" data-id=\"bf17e37\" data-element_type=\"column\">\n\t\t\t<div class=\"elementor-widget-wrap elementor-element-populated\">\n\t\t\t\t\t\t\t\t<div class=\"elementor-element elementor-element-ff6d883 elementor-widget elementor-widget-html\" data-id=\"ff6d883\" data-element_type=\"widget\" data-widget_type=\"html.default\">\n\t\t\t\t<div class=\"elementor-widget-container\">\n\t\t\t<div style=\"\r\n    max-width: 900px;\r\n    margin: 0 auto;\r\n    padding: 25px;\r\n    background: #ffffff;\r\n    border-radius: 15px;\r\n    box-shadow: 0 4px 15px rgba(0,0,0,0.1);\r\n    border: 1px solid #e5e5e5;\r\n\">\r\n\r\n    <h2 style=\"\r\n        margin-top: 0;\r\n        margin-bottom: 15px;\r\n        font-size: 24px;\r\n        font-weight: 600;\r\n        color: #333;\r\n        text-align: center;\r\n    \">\r\n    <\/h2>\r\n\r\n    <div style=\"\r\n        position: relative;\r\n        padding-bottom: 65%;\r\n        height: 900px;\r\n        overflow: hidden;\r\n        border-radius: 12px;\r\n        border: 1px solid #ddd;\r\n        box-shadow: inset 0 2px 6px rgba(0,0,0,0.05);\r\n    \">\r\n        <iframe \r\n            src=\"http:\/\/www.greensuperfoodglobal.com\/es\/wp-content\/uploads\/2025\/11\/PO-SIG-02-POLITICA-DEL-SGCS-V7-Firmado-1-2.pdf\"\r\n            style=\"\r\n                position: absolute;\r\n                top: 0;\r\n                left: 0;\r\n                width: 100%;\r\n                height: 100%;\r\n                border: none;\r\n                border-radius: 12px;\r\n            \"\r\n            allowfullscreen>\r\n        <\/iframe>\r\n    <\/div>\r\n\r\n<\/div>\r\n\t\t<\/div>\n\t\t\t\t<\/div>\n\t\t\t\t\t<\/div>\n\t\t<\/div>\n\t\t\t\t\t\t\t<\/div>\n\t\t<\/section>\n\t\t\t\t<section class=\"elementor-section elementor-top-section elementor-element elementor-element-e2bd08e elementor-section-boxed elementor-section-height-default elementor-section-height-default\" data-id=\"e2bd08e\" data-element_type=\"section\">\n\t\t\t\t\t\t<div class=\"elementor-container elementor-column-gap-default\">\n\t\t\t\t\t<div class=\"elementor-column elementor-col-100 elementor-top-column elementor-element elementor-element-10f90f5\" data-id=\"10f90f5\" data-element_type=\"column\">\n\t\t\t<div class=\"elementor-widget-wrap\">\n\t\t\t\t\t\t\t\t\t<\/div>\n\t\t<\/div>\n\t\t\t\t\t\t\t<\/div>\n\t\t<\/section>\n\t\t\t\t<section class=\"elementor-section elementor-top-section elementor-element elementor-element-c1db0c2 elementor-section-boxed elementor-section-height-default elementor-section-height-default\" data-id=\"c1db0c2\" data-element_type=\"section\">\n\t\t\t\t\t\t<div class=\"elementor-container elementor-column-gap-default\">\n\t\t\t\t\t<div class=\"elementor-column elementor-col-100 elementor-top-column elementor-element elementor-element-45aa9ea\" data-id=\"45aa9ea\" data-element_type=\"column\">\n\t\t\t<div class=\"elementor-widget-wrap elementor-element-populated\">\n\t\t\t\t\t\t\t\t<div class=\"elementor-element elementor-element-d03fc21 elementor-widget__width-initial elementor-widget elementor-widget-html\" data-id=\"d03fc21\" data-element_type=\"widget\" data-widget_type=\"html.default\">\n\t\t\t\t<div class=\"elementor-widget-container\">\n\t\t\t <a href=\"https:\/\/app.flipsnack.com\/private\/CE9FABAA9F7\/po-sig-02-pol-tica-sgcs-v6-firmada-3\" target=\"_blank\" rel=\"noopener noreferrer\">\t\t<\/div>\n\t\t\t\t<\/div>\n\t\t\t\t\t<\/div>\n\t\t<\/div>\n\t\t\t\t\t\t\t<\/div>\n\t\t<\/section>\n\t\t\t\t<section class=\"elementor-section elementor-top-section elementor-element elementor-element-97d4bc7 elementor-section-boxed elementor-section-height-default elementor-section-height-default\" data-id=\"97d4bc7\" data-element_type=\"section\">\n\t\t\t\t\t\t<div class=\"elementor-container elementor-column-gap-default\">\n\t\t\t\t\t<div class=\"elementor-column elementor-col-100 elementor-top-column elementor-element elementor-element-249daa8\" data-id=\"249daa8\" data-element_type=\"column\">\n\t\t\t<div class=\"elementor-widget-wrap\">\n\t\t\t\t\t\t\t\t\t<\/div>\n\t\t<\/div>\n\t\t\t\t\t\t\t<\/div>\n\t\t<\/section>\n\t\t\t\t\t\t\t<\/div>\n\t\t","protected":false},"excerpt":{"rendered":"<p>POL\u00cdTICA DEL SISTEMA DE GESTI\u00d3N DE CONTROL Y SEGURIDAD<\/p>\n","protected":false},"author":1,"featured_media":0,"parent":0,"menu_order":0,"comment_status":"closed","ping_status":"closed","template":"elementor_canvas","meta":[],"yoast_head":"<!-- This site is optimized with the Yoast SEO plugin v21.8 - https:\/\/yoast.com\/wordpress\/plugins\/seo\/ -->\n<title>Pol\u00edticas -<\/title>\n<meta name=\"robots\" content=\"index, follow, max-snippet:-1, max-image-preview:large, max-video-preview:-1\" \/>\n<link rel=\"canonical\" href=\"https:\/\/www.greensuperfoodglobal.com\/es\/politicas\/\" \/>\n<meta property=\"og:locale\" content=\"es_ES\" \/>\n<meta property=\"og:type\" content=\"article\" \/>\n<meta property=\"og:title\" content=\"Pol\u00edticas -\" \/>\n<meta property=\"og:description\" content=\"POL\u00cdTICA DEL SISTEMA DE GESTI\u00d3N DE CONTROL Y SEGURIDAD\" \/>\n<meta property=\"og:url\" content=\"https:\/\/www.greensuperfoodglobal.com\/es\/politicas\/\" \/>\n<meta property=\"article:modified_time\" content=\"2025-11-19T16:33:12+00:00\" \/>\n<meta property=\"og:image\" content=\"http:\/\/www.greensuperfoodglobal.com\/es\/wp-content\/uploads\/2022\/06\/57155491_2260686770850079_4989973874432016384_n.jpg\" \/>\n\t<meta property=\"og:image:width\" content=\"1300\" \/>\n\t<meta property=\"og:image:height\" content=\"1300\" \/>\n\t<meta property=\"og:image:type\" content=\"image\/jpeg\" \/>\n<meta name=\"twitter:card\" content=\"summary_large_image\" \/>\n<meta name=\"twitter:label1\" content=\"Tiempo de lectura\" \/>\n\t<meta name=\"twitter:data1\" content=\"1 minuto\" \/>\n<script type=\"application\/ld+json\" class=\"yoast-schema-graph\">{\"@context\":\"https:\/\/schema.org\",\"@graph\":[{\"@type\":\"WebPage\",\"@id\":\"https:\/\/www.greensuperfoodglobal.com\/es\/politicas\/\",\"url\":\"https:\/\/www.greensuperfoodglobal.com\/es\/politicas\/\",\"name\":\"Pol\u00edticas -\",\"isPartOf\":{\"@id\":\"http:\/\/www.greensuperfoodglobal.com\/es\/#website\"},\"datePublished\":\"2023-02-02T14:44:22+00:00\",\"dateModified\":\"2025-11-19T16:33:12+00:00\",\"breadcrumb\":{\"@id\":\"https:\/\/www.greensuperfoodglobal.com\/es\/politicas\/#breadcrumb\"},\"inLanguage\":\"es\",\"potentialAction\":[{\"@type\":\"ReadAction\",\"target\":[\"https:\/\/www.greensuperfoodglobal.com\/es\/politicas\/\"]}]},{\"@type\":\"BreadcrumbList\",\"@id\":\"https:\/\/www.greensuperfoodglobal.com\/es\/politicas\/#breadcrumb\",\"itemListElement\":[{\"@type\":\"ListItem\",\"position\":1,\"name\":\"Portada\",\"item\":\"https:\/\/www.greensuperfoodglobal.com\/es\/\"},{\"@type\":\"ListItem\",\"position\":2,\"name\":\"Pol\u00edticas\"}]},{\"@type\":\"WebSite\",\"@id\":\"http:\/\/www.greensuperfoodglobal.com\/es\/#website\",\"url\":\"http:\/\/www.greensuperfoodglobal.com\/es\/\",\"name\":\"\",\"description\":\"\",\"publisher\":{\"@id\":\"http:\/\/www.greensuperfoodglobal.com\/es\/#organization\"},\"potentialAction\":[{\"@type\":\"SearchAction\",\"target\":{\"@type\":\"EntryPoint\",\"urlTemplate\":\"http:\/\/www.greensuperfoodglobal.com\/es\/?s={search_term_string}\"},\"query-input\":\"required name=search_term_string\"}],\"inLanguage\":\"es\"},{\"@type\":\"Organization\",\"@id\":\"http:\/\/www.greensuperfoodglobal.com\/es\/#organization\",\"name\":\"Green SuperFood\",\"url\":\"http:\/\/www.greensuperfoodglobal.com\/es\/\",\"logo\":{\"@type\":\"ImageObject\",\"inLanguage\":\"es\",\"@id\":\"http:\/\/www.greensuperfoodglobal.com\/es\/#\/schema\/logo\/image\/\",\"url\":\"https:\/\/www.greensuperfoodglobal.com\/es\/wp-content\/uploads\/2022\/06\/57155491_2260686770850079_4989973874432016384_n.jpg\",\"contentUrl\":\"https:\/\/www.greensuperfoodglobal.com\/es\/wp-content\/uploads\/2022\/06\/57155491_2260686770850079_4989973874432016384_n.jpg\",\"width\":1300,\"height\":1300,\"caption\":\"Green SuperFood\"},\"image\":{\"@id\":\"http:\/\/www.greensuperfoodglobal.com\/es\/#\/schema\/logo\/image\/\"}}]}<\/script>\n<!-- \/ Yoast SEO plugin. -->","yoast_head_json":{"title":"Pol\u00edticas -","robots":{"index":"index","follow":"follow","max-snippet":"max-snippet:-1","max-image-preview":"max-image-preview:large","max-video-preview":"max-video-preview:-1"},"canonical":"https:\/\/www.greensuperfoodglobal.com\/es\/politicas\/","og_locale":"es_ES","og_type":"article","og_title":"Pol\u00edticas -","og_description":"POL\u00cdTICA DEL SISTEMA DE GESTI\u00d3N DE CONTROL Y SEGURIDAD","og_url":"https:\/\/www.greensuperfoodglobal.com\/es\/politicas\/","article_modified_time":"2025-11-19T16:33:12+00:00","og_image":[{"width":1300,"height":1300,"url":"http:\/\/www.greensuperfoodglobal.com\/es\/wp-content\/uploads\/2022\/06\/57155491_2260686770850079_4989973874432016384_n.jpg","type":"image\/jpeg"}],"twitter_card":"summary_large_image","twitter_misc":{"Tiempo de lectura":"1 minuto"},"schema":{"@context":"https:\/\/schema.org","@graph":[{"@type":"WebPage","@id":"https:\/\/www.greensuperfoodglobal.com\/es\/politicas\/","url":"https:\/\/www.greensuperfoodglobal.com\/es\/politicas\/","name":"Pol\u00edticas -","isPartOf":{"@id":"http:\/\/www.greensuperfoodglobal.com\/es\/#website"},"datePublished":"2023-02-02T14:44:22+00:00","dateModified":"2025-11-19T16:33:12+00:00","breadcrumb":{"@id":"https:\/\/www.greensuperfoodglobal.com\/es\/politicas\/#breadcrumb"},"inLanguage":"es","potentialAction":[{"@type":"ReadAction","target":["https:\/\/www.greensuperfoodglobal.com\/es\/politicas\/"]}]},{"@type":"BreadcrumbList","@id":"https:\/\/www.greensuperfoodglobal.com\/es\/politicas\/#breadcrumb","itemListElement":[{"@type":"ListItem","position":1,"name":"Portada","item":"https:\/\/www.greensuperfoodglobal.com\/es\/"},{"@type":"ListItem","position":2,"name":"Pol\u00edticas"}]},{"@type":"WebSite","@id":"http:\/\/www.greensuperfoodglobal.com\/es\/#website","url":"http:\/\/www.greensuperfoodglobal.com\/es\/","name":"","description":"","publisher":{"@id":"http:\/\/www.greensuperfoodglobal.com\/es\/#organization"},"potentialAction":[{"@type":"SearchAction","target":{"@type":"EntryPoint","urlTemplate":"http:\/\/www.greensuperfoodglobal.com\/es\/?s={search_term_string}"},"query-input":"required name=search_term_string"}],"inLanguage":"es"},{"@type":"Organization","@id":"http:\/\/www.greensuperfoodglobal.com\/es\/#organization","name":"Green SuperFood","url":"http:\/\/www.greensuperfoodglobal.com\/es\/","logo":{"@type":"ImageObject","inLanguage":"es","@id":"http:\/\/www.greensuperfoodglobal.com\/es\/#\/schema\/logo\/image\/","url":"https:\/\/www.greensuperfoodglobal.com\/es\/wp-content\/uploads\/2022\/06\/57155491_2260686770850079_4989973874432016384_n.jpg","contentUrl":"https:\/\/www.greensuperfoodglobal.com\/es\/wp-content\/uploads\/2022\/06\/57155491_2260686770850079_4989973874432016384_n.jpg","width":1300,"height":1300,"caption":"Green SuperFood"},"image":{"@id":"http:\/\/www.greensuperfoodglobal.com\/es\/#\/schema\/logo\/image\/"}}]}},"_links":{"self":[{"href":"http:\/\/www.greensuperfoodglobal.com\/es\/wp-json\/wp\/v2\/pages\/17278"}],"collection":[{"href":"http:\/\/www.greensuperfoodglobal.com\/es\/wp-json\/wp\/v2\/pages"}],"about":[{"href":"http:\/\/www.greensuperfoodglobal.com\/es\/wp-json\/wp\/v2\/types\/page"}],"author":[{"embeddable":true,"href":"http:\/\/www.greensuperfoodglobal.com\/es\/wp-json\/wp\/v2\/users\/1"}],"replies":[{"embeddable":true,"href":"http:\/\/www.greensuperfoodglobal.com\/es\/wp-json\/wp\/v2\/comments?post=17278"}],"version-history":[{"count":95,"href":"http:\/\/www.greensuperfoodglobal.com\/es\/wp-json\/wp\/v2\/pages\/17278\/revisions"}],"predecessor-version":[{"id":27518,"href":"http:\/\/www.greensuperfoodglobal.com\/es\/wp-json\/wp\/v2\/pages\/17278\/revisions\/27518"}],"wp:attachment":[{"href":"http:\/\/www.greensuperfoodglobal.com\/es\/wp-json\/wp\/v2\/media?parent=17278"}],"curies":[{"name":"wp","href":"https:\/\/api.w.org\/{rel}","templated":true}]}}